{"id":32,"date":"2023-01-19T09:56:35","date_gmt":"2023-01-19T09:56:35","guid":{"rendered":"https:\/\/2dheal.com\/france\/?page_id=32"},"modified":"2023-01-19T13:10:38","modified_gmt":"2023-01-19T13:10:38","slug":"home","status":"publish","type":"page","link":"https:\/\/2dheal.com\/france\/","title":{"rendered":"Home"},"content":{"rendered":"<p>[et_pb_section fb_built=\u00a0\u00bb1&Prime; _builder_version=\u00a0\u00bb4.19.4&Prime; _module_preset=\u00a0\u00bbdefault\u00a0\u00bb hover_enabled=\u00a0\u00bb0&Prime; global_colors_info=\u00a0\u00bb{}\u00a0\u00bb title_text=\u00a0\u00bbHeader-image1-1024&#215;684&Prime; background_image=\u00a0\u00bbhttps:\/\/2dheal.com\/france\/wp-content\/uploads\/sites\/27\/2023\/01\/Header-image1-1024&#215;684-1.jpg\u00a0\u00bb sticky_enabled=\u00a0\u00bb0&Prime;][et_pb_row _builder_version=\u00a0\u00bb4.19.4&Prime; _module_preset=\u00a0\u00bbdefault\u00a0\u00bb global_colors_info=\u00a0\u00bb{}\u00a0\u00bb][et_pb_column type=\u00a0\u00bb4_4&Prime; _builder_version=\u00a0\u00bb4.19.4&Prime; _module_preset=\u00a0\u00bbdefault\u00a0\u00bb global_colors_info=\u00a0\u00bb{}\u00a0\u00bb][et_pb_video src=\u00a0\u00bbhttps:\/\/2dheal.com\/france\/wp-content\/uploads\/sites\/27\/2023\/01\/2D-Heal1.mp4&Prime; _builder_version=\u00a0\u00bb4.19.4&Prime; _module_preset=\u00a0\u00bbdefault\u00a0\u00bb global_colors_info=\u00a0\u00bb{}\u00a0\u00bb][\/et_pb_video][\/et_pb_column][\/et_pb_row][et_pb_row _builder_version=\u00a0\u00bb4.19.4&Prime; _module_preset=\u00a0\u00bbdefault\u00a0\u00bb][et_pb_column _builder_version=\u00a0\u00bb4.19.4&Prime; _module_preset=\u00a0\u00bbdefault\u00a0\u00bb type=\u00a0\u00bb4_4&Prime;][et_pb_cta title=\u00a0\u00bbProduits en gros aux \u00c9tats-Unis dans le monde entier \/ Contactez-nous pour les ingr\u00e9dients non emball\u00e9s\u00a0\u00bb button_text=\u00a0\u00bbClick Here\u00a0\u00bb _builder_version=\u00a0\u00bb4.19.4&Prime; _module_preset=\u00a0\u00bbdefault\u00a0\u00bb hover_enabled=\u00a0\u00bb0&Prime; sticky_enabled=\u00a0\u00bb0&Prime; use_background_color=\u00a0\u00bboff\u00a0\u00bb header_level=\u00a0\u00bbh1&Prime; header_text_color=\u00a0\u00bb#000000&Prime; body_text_color=\u00a0\u00bb#3d3d3d\u00a0\u00bb]<\/p>\n<p>Produit via<\/p>\n<p><a href=\"https:\/\/www.sciencedirect.com\/topics\/biochemistry-genetics-and-molecular-biology\/yarrowia-lipolytica\" target=\"_blank\" rel=\"noopener\">Yarrowia lipolytica<\/a><span>\u00a0<\/span>est probablement la levure la plus \u00e9tudi\u00e9e apr\u00e8s S. cerevisiae. Il est strictement a\u00e9robie et non pathog\u00e8ne et les proc\u00e9d\u00e9s bas\u00e9s sur ce micro-organisme sont g\u00e9n\u00e9ralement reconnus comme s\u00fbrs (GRAS) par la Food and Drug Administration (FDA) am\u00e9ricaine.<\/p>\n<p><a href=\"https:\/\/pubmed.ncbi.nlm.nih.gov\/20140428\/\" target=\"_blank\" rel=\"noopener\">Yeasts<\/a><span> <\/span>combinent la facilit\u00e9 de manipulation g\u00e9n\u00e9tique et de fermentation d&rsquo;un micro-organisme avec la capacit\u00e9 de s\u00e9cr\u00e9ter et de modifier des prot\u00e9ines \u00e9trang\u00e8res selon un sch\u00e9ma eucaryote g\u00e9n\u00e9ral.<\/p>\n<p>[\/et_pb_cta][\/et_pb_column][\/et_pb_row][\/et_pb_section][et_pb_section fb_built=\u00a0\u00bb1&Prime; theme_builder_area=\u00a0\u00bbpost_content\u00a0\u00bb _builder_version=\u00a0\u00bb4.19.4&Prime; _module_preset=\u00a0\u00bbdefault\u00a0\u00bb][et_pb_row _builder_version=\u00a0\u00bb4.19.4&Prime; _module_preset=\u00a0\u00bbdefault\u00a0\u00bb column_structure=\u00a0\u00bb1_2,1_2&Prime; theme_builder_area=\u00a0\u00bbpost_content\u00a0\u00bb][et_pb_column _builder_version=\u00a0\u00bb4.19.4&Prime; _module_preset=\u00a0\u00bbdefault\u00a0\u00bb type=\u00a0\u00bb1_2&Prime; theme_builder_area=\u00a0\u00bbpost_content\u00a0\u00bb][et_pb_video src=\u00a0\u00bbhttps:\/\/2dheal.com\/france\/wp-content\/uploads\/sites\/27\/2023\/01\/2D-Heal2.mp4&Prime; _builder_version=\u00a0\u00bb4.19.4&Prime; _module_preset=\u00a0\u00bbdefault\u00a0\u00bb theme_builder_area=\u00a0\u00bbpost_content\u00a0\u00bb title_text=\u00a0\u00bb2D-Heal2&Prime; hover_enabled=\u00a0\u00bb0&Prime; sticky_enabled=\u00a0\u00bb0&Prime;][\/et_pb_video][\/et_pb_column][et_pb_column _builder_version=\u00a0\u00bb4.19.4&Prime; _module_preset=\u00a0\u00bbdefault\u00a0\u00bb type=\u00a0\u00bb1_2&Prime; theme_builder_area=\u00a0\u00bbpost_content\u00a0\u00bb][et_pb_cta title=\u00a0\u00bbR\u00e9volutionnaire\u00a0\u00bb button_text=\u00a0\u00bbClick Here\u00a0\u00bb _builder_version=\u00a0\u00bb4.19.4&Prime; _module_preset=\u00a0\u00bbdefault\u00a0\u00bb theme_builder_area=\u00a0\u00bbpost_content\u00a0\u00bb use_background_color=\u00a0\u00bboff\u00a0\u00bb text_orientation=\u00a0\u00bbleft\u00a0\u00bb header_text_color=\u00a0\u00bb#000000&Prime; body_text_color=\u00a0\u00bb#4c4c4c\u00a0\u00bb hover_enabled=\u00a0\u00bb0&Prime; sticky_enabled=\u00a0\u00bb0&Prime;]<\/p>\n<p>Les produits 2D sont fabriqu\u00e9s dans un environnement strict sans OGM, m\u00e9taux lourds ou produits chimiques.<\/p>\n<p>Les produits 2D sont bien plus que des suppl\u00e9ments, ce sont des suppl\u00e9ments du futur<\/p>\n<p>[\/et_pb_cta][\/et_pb_column][\/et_pb_row][\/et_pb_section][et_pb_section fb_built=\u00a0\u00bb1&Prime; theme_builder_area=\u00a0\u00bbpost_content\u00a0\u00bb _builder_version=\u00a0\u00bb4.19.4&Prime; _module_preset=\u00a0\u00bbdefault\u00a0\u00bb][et_pb_row _builder_version=\u00a0\u00bb4.19.4&Prime; _module_preset=\u00a0\u00bbdefault\u00a0\u00bb column_structure=\u00a0\u00bb1_2,1_2&Prime; theme_builder_area=\u00a0\u00bbpost_content\u00a0\u00bb use_custom_gutter=\u00a0\u00bbon\u00a0\u00bb gutter_width=\u00a0\u00bb1&Prime; make_equal=\u00a0\u00bbon\u00a0\u00bb width=\u00a0\u00bb100%\u00a0\u00bb hover_enabled=\u00a0\u00bb0&Prime; sticky_enabled=\u00a0\u00bb0&Prime;][et_pb_column _builder_version=\u00a0\u00bb4.19.4&Prime; _module_preset=\u00a0\u00bbdefault\u00a0\u00bb type=\u00a0\u00bb1_2&Prime; theme_builder_area=\u00a0\u00bbpost_content\u00a0\u00bb title_text=\u00a0\u00bbImage-cosmetics-8&Prime; background_image=\u00a0\u00bbhttps:\/\/2dheal.com\/france\/wp-content\/uploads\/sites\/27\/2023\/01\/Image-cosmetics-8.jpg\u00a0\u00bb hover_enabled=\u00a0\u00bb0&Prime; sticky_enabled=\u00a0\u00bb0&Prime;][\/et_pb_column][et_pb_column _builder_version=\u00a0\u00bb4.19.4&Prime; _module_preset=\u00a0\u00bbdefault\u00a0\u00bb type=\u00a0\u00bb1_2&Prime; theme_builder_area=\u00a0\u00bbpost_content\u00a0\u00bb][et_pb_cta title=\u00a0\u00bbM\u00e9canisme d&rsquo;absorption super efficace\u00a0\u00bb button_text=\u00a0\u00bbParcourir les produits\u00a0\u00bb _builder_version=\u00a0\u00bb4.19.4&Prime; _module_preset=\u00a0\u00bbdefault\u00a0\u00bb theme_builder_area=\u00a0\u00bbpost_content\u00a0\u00bb button_url=\u00a0\u00bb@ET-DC@eyJkeW5hbWljIjp0cnVlLCJjb250ZW50IjoicG9zdF9saW5rX3VybF9wYWdlIiwic2V0dGluZ3MiOnsicG9zdF9pZCI6IjI0In19@\u00a0\u00bb _dynamic_attributes=\u00a0\u00bbbutton_url\u00a0\u00bb background_color=\u00a0\u00bb#2f2f49&Prime; hover_enabled=\u00a0\u00bb0&Prime; sticky_enabled=\u00a0\u00bb0&Prime;]<\/p>\n<p>Les prot\u00e9ines r\u00e9guli\u00e8res des extraits alimentaires sont d\u00e9truites par le syst\u00e8me digestif humain. Alors que les suppl\u00e9ments 2D sont con\u00e7us pour \u00eatre diss\u00e9qu\u00e9s par la pepsine en prot\u00e9ines courtes pour l&rsquo;absorption.<\/p>\n<p>De plus, les prot\u00e9ines 2D peuvent atteindre jusqu&rsquo;\u00e0 6 % du poids du produit, ce qui est normalement des dizaines de milliers de fois plus que les autres marques.<\/p>\n<p>[\/et_pb_cta][\/et_pb_column][\/et_pb_row][\/et_pb_section][et_pb_section fb_built=\u00a0\u00bb1&Prime; theme_builder_area=\u00a0\u00bbpost_content\u00a0\u00bb _builder_version=\u00a0\u00bb4.19.4&Prime; _module_preset=\u00a0\u00bbdefault\u00a0\u00bb][et_pb_row _builder_version=\u00a0\u00bb4.19.4&Prime; _module_preset=\u00a0\u00bbdefault\u00a0\u00bb theme_builder_area=\u00a0\u00bbpost_content\u00a0\u00bb][et_pb_column _builder_version=\u00a0\u00bb4.19.4&Prime; _module_preset=\u00a0\u00bbdefault\u00a0\u00bb type=\u00a0\u00bb4_4&Prime; theme_builder_area=\u00a0\u00bbpost_content\u00a0\u00bb][et_pb_shop _builder_version=\u00a0\u00bb4.19.4&Prime; _module_preset=\u00a0\u00bbdefault\u00a0\u00bb theme_builder_area=\u00a0\u00bbpost_content\u00a0\u00bb posts_number=\u00a0\u00bb8&Prime; hover_enabled=\u00a0\u00bb0&Prime; sticky_enabled=\u00a0\u00bb0&Prime;][\/et_pb_shop][\/et_pb_column][\/et_pb_row][\/et_pb_section][et_pb_section fb_built=\u00a0\u00bb1&Prime; theme_builder_area=\u00a0\u00bbpost_content\u00a0\u00bb _builder_version=\u00a0\u00bb4.19.4&Prime; _module_preset=\u00a0\u00bbdefault\u00a0\u00bb title_text=\u00a0\u00bbFooter-image8-1024&#215;740&Prime; background_image=\u00a0\u00bbhttps:\/\/2dheal.com\/france\/wp-content\/uploads\/sites\/27\/2023\/01\/Footer-image8-1024&#215;740-1.jpg\u00a0\u00bb hover_enabled=\u00a0\u00bb0&Prime; sticky_enabled=\u00a0\u00bb0&Prime;][et_pb_row _builder_version=\u00a0\u00bb4.19.4&Prime; _module_preset=\u00a0\u00bbdefault\u00a0\u00bb theme_builder_area=\u00a0\u00bbpost_content\u00a0\u00bb][et_pb_column _builder_version=\u00a0\u00bb4.19.4&Prime; _module_preset=\u00a0\u00bbdefault\u00a0\u00bb type=\u00a0\u00bb4_4&Prime; theme_builder_area=\u00a0\u00bbpost_content\u00a0\u00bb][et_pb_code _builder_version=\u00a0\u00bb4.19.4&Prime; _module_preset=\u00a0\u00bbdefault\u00a0\u00bb theme_builder_area=\u00a0\u00bbpost_content\u00a0\u00bb hover_enabled=\u00a0\u00bb0&Prime; sticky_enabled=\u00a0\u00bb0&Prime;][mailpoet_form id=\u00a0\u00bb1&Prime;][\/et_pb_code][\/et_pb_column][\/et_pb_row][\/et_pb_section]<\/p>\n","protected":false},"excerpt":{"rendered":"<p>Produit via Yarrowia lipolytica\u00a0est probablement la levure la plus \u00e9tudi\u00e9e apr\u00e8s S. cerevisiae. Il est strictement a\u00e9robie et non pathog\u00e8ne et les proc\u00e9d\u00e9s bas\u00e9s sur ce micro-organisme sont g\u00e9n\u00e9ralement reconnus comme s\u00fbrs (GRAS) par la Food and Drug Administration (FDA) am\u00e9ricaine. Yeasts combinent la facilit\u00e9 de manipulation g\u00e9n\u00e9tique et de fermentation d&rsquo;un micro-organisme avec la [&hellip;]<\/p>\n","protected":false},"author":2,"featured_media":0,"parent":0,"menu_order":0,"comment_status":"closed","ping_status":"closed","template":"","meta":{"_acf_changed":false,"_et_pb_use_builder":"on","_et_pb_old_content":"","_et_gb_content_width":"","footnotes":""},"class_list":["post-32","page","type-page","status-publish","hentry"],"acf":[],"yoast_head":"<!-- This site is optimized with the Yoast SEO plugin v27.4 - https:\/\/yoast.com\/product\/yoast-seo-wordpress\/ -->\n<title>Home - 2DHeal France<\/title>\n<meta name=\"robots\" content=\"index, follow, max-snippet:-1, max-image-preview:large, max-video-preview:-1\" \/>\n<link rel=\"canonical\" href=\"https:\/\/2dheal.com\/france\/\" \/>\n<meta property=\"og:locale\" content=\"fr_FR\" \/>\n<meta property=\"og:type\" content=\"article\" \/>\n<meta property=\"og:title\" content=\"Home - 2DHeal France\" \/>\n<meta property=\"og:description\" content=\"Produit via Yarrowia lipolytica\u00a0est probablement la levure la plus \u00e9tudi\u00e9e apr\u00e8s S. cerevisiae. Il est strictement a\u00e9robie et non pathog\u00e8ne et les proc\u00e9d\u00e9s bas\u00e9s sur ce micro-organisme sont g\u00e9n\u00e9ralement reconnus comme s\u00fbrs (GRAS) par la Food and Drug Administration (FDA) am\u00e9ricaine. Yeasts combinent la facilit\u00e9 de manipulation g\u00e9n\u00e9tique et de fermentation d&#039;un micro-organisme avec la [&hellip;]\" \/>\n<meta property=\"og:url\" content=\"https:\/\/2dheal.com\/france\/\" \/>\n<meta property=\"og:site_name\" content=\"2DHeal France\" \/>\n<meta property=\"article:modified_time\" content=\"2023-01-19T13:10:38+00:00\" \/>\n<meta name=\"twitter:card\" content=\"summary_large_image\" \/>\n<meta name=\"twitter:label1\" content=\"Dur\u00e9e de lecture estim\u00e9e\" \/>\n\t<meta name=\"twitter:data1\" content=\"4 minutes\" \/>\n<script type=\"application\/ld+json\" class=\"yoast-schema-graph\">{\"@context\":\"https:\\\/\\\/schema.org\",\"@graph\":[{\"@type\":\"WebPage\",\"@id\":\"https:\\\/\\\/2dheal.com\\\/france\\\/\",\"url\":\"https:\\\/\\\/2dheal.com\\\/france\\\/\",\"name\":\"Home - 2DHeal France\",\"isPartOf\":{\"@id\":\"https:\\\/\\\/2dheal.com\\\/france\\\/#website\"},\"datePublished\":\"2023-01-19T09:56:35+00:00\",\"dateModified\":\"2023-01-19T13:10:38+00:00\",\"breadcrumb\":{\"@id\":\"https:\\\/\\\/2dheal.com\\\/france\\\/#breadcrumb\"},\"inLanguage\":\"fr-FR\",\"potentialAction\":[{\"@type\":\"ReadAction\",\"target\":[\"https:\\\/\\\/2dheal.com\\\/france\\\/\"]}]},{\"@type\":\"BreadcrumbList\",\"@id\":\"https:\\\/\\\/2dheal.com\\\/france\\\/#breadcrumb\",\"itemListElement\":[{\"@type\":\"ListItem\",\"position\":1,\"name\":\"Home\",\"item\":\"https:\\\/\\\/2dheal.com\\\/france\\\/\"},{\"@type\":\"ListItem\",\"position\":2,\"name\":\"Home\"}]},{\"@type\":\"WebSite\",\"@id\":\"https:\\\/\\\/2dheal.com\\\/france\\\/#website\",\"url\":\"https:\\\/\\\/2dheal.com\\\/france\\\/\",\"name\":\"2DHeal France\",\"description\":\"All Products Fermented Protein\",\"potentialAction\":[{\"@type\":\"SearchAction\",\"target\":{\"@type\":\"EntryPoint\",\"urlTemplate\":\"https:\\\/\\\/2dheal.com\\\/france\\\/?s={search_term_string}\"},\"query-input\":{\"@type\":\"PropertyValueSpecification\",\"valueRequired\":true,\"valueName\":\"search_term_string\"}}],\"inLanguage\":\"fr-FR\"}]}<\/script>\n<!-- \/ Yoast SEO plugin. -->","yoast_head_json":{"title":"Home - 2DHeal France","robots":{"index":"index","follow":"follow","max-snippet":"max-snippet:-1","max-image-preview":"max-image-preview:large","max-video-preview":"max-video-preview:-1"},"canonical":"https:\/\/2dheal.com\/france\/","og_locale":"fr_FR","og_type":"article","og_title":"Home - 2DHeal France","og_description":"Produit via Yarrowia lipolytica\u00a0est probablement la levure la plus \u00e9tudi\u00e9e apr\u00e8s S. cerevisiae. Il est strictement a\u00e9robie et non pathog\u00e8ne et les proc\u00e9d\u00e9s bas\u00e9s sur ce micro-organisme sont g\u00e9n\u00e9ralement reconnus comme s\u00fbrs (GRAS) par la Food and Drug Administration (FDA) am\u00e9ricaine. Yeasts combinent la facilit\u00e9 de manipulation g\u00e9n\u00e9tique et de fermentation d'un micro-organisme avec la [&hellip;]","og_url":"https:\/\/2dheal.com\/france\/","og_site_name":"2DHeal France","article_modified_time":"2023-01-19T13:10:38+00:00","twitter_card":"summary_large_image","twitter_misc":{"Dur\u00e9e de lecture estim\u00e9e":"4 minutes"},"schema":{"@context":"https:\/\/schema.org","@graph":[{"@type":"WebPage","@id":"https:\/\/2dheal.com\/france\/","url":"https:\/\/2dheal.com\/france\/","name":"Home - 2DHeal France","isPartOf":{"@id":"https:\/\/2dheal.com\/france\/#website"},"datePublished":"2023-01-19T09:56:35+00:00","dateModified":"2023-01-19T13:10:38+00:00","breadcrumb":{"@id":"https:\/\/2dheal.com\/france\/#breadcrumb"},"inLanguage":"fr-FR","potentialAction":[{"@type":"ReadAction","target":["https:\/\/2dheal.com\/france\/"]}]},{"@type":"BreadcrumbList","@id":"https:\/\/2dheal.com\/france\/#breadcrumb","itemListElement":[{"@type":"ListItem","position":1,"name":"Home","item":"https:\/\/2dheal.com\/france\/"},{"@type":"ListItem","position":2,"name":"Home"}]},{"@type":"WebSite","@id":"https:\/\/2dheal.com\/france\/#website","url":"https:\/\/2dheal.com\/france\/","name":"2DHeal France","description":"All Products Fermented Protein","potentialAction":[{"@type":"SearchAction","target":{"@type":"EntryPoint","urlTemplate":"https:\/\/2dheal.com\/france\/?s={search_term_string}"},"query-input":{"@type":"PropertyValueSpecification","valueRequired":true,"valueName":"search_term_string"}}],"inLanguage":"fr-FR"}]}},"jetpack_sharing_enabled":true,"_links":{"self":[{"href":"https:\/\/2dheal.com\/france\/wp-json\/wp\/v2\/pages\/32","targetHints":{"allow":["GET"]}}],"collection":[{"href":"https:\/\/2dheal.com\/france\/wp-json\/wp\/v2\/pages"}],"about":[{"href":"https:\/\/2dheal.com\/france\/wp-json\/wp\/v2\/types\/page"}],"author":[{"embeddable":true,"href":"https:\/\/2dheal.com\/france\/wp-json\/wp\/v2\/users\/2"}],"replies":[{"embeddable":true,"href":"https:\/\/2dheal.com\/france\/wp-json\/wp\/v2\/comments?post=32"}],"version-history":[{"count":6,"href":"https:\/\/2dheal.com\/france\/wp-json\/wp\/v2\/pages\/32\/revisions"}],"predecessor-version":[{"id":114,"href":"https:\/\/2dheal.com\/france\/wp-json\/wp\/v2\/pages\/32\/revisions\/114"}],"wp:attachment":[{"href":"https:\/\/2dheal.com\/france\/wp-json\/wp\/v2\/media?parent=32"}],"curies":[{"name":"wp","href":"https:\/\/api.w.org\/{rel}","templated":true}]}}