{"id":25,"date":"2023-01-18T08:25:09","date_gmt":"2023-01-18T08:25:09","guid":{"rendered":"https:\/\/2dheal.com\/germany\/?page_id=25"},"modified":"2023-01-18T09:48:38","modified_gmt":"2023-01-18T09:48:38","slug":"home","status":"publish","type":"page","link":"https:\/\/2dheal.com\/germany\/","title":{"rendered":"Home"},"content":{"rendered":"<p>[et_pb_section fb_built=&#8220;1&#8243; theme_builder_area=&#8220;post_content&#8220; _builder_version=&#8220;4.19.4&#8243; _module_preset=&#8220;default&#8220; title_text=&#8220;Header-image1-1024&#215;684&#8243; background_image=&#8220;https:\/\/2dheal.com\/germany\/wp-content\/uploads\/sites\/26\/2023\/01\/Header-image1-1024&#215;684-1.jpg&#8220; hover_enabled=&#8220;0&#8243; sticky_enabled=&#8220;0&#8243;][et_pb_row _builder_version=&#8220;4.19.4&#8243; _module_preset=&#8220;default&#8220; theme_builder_area=&#8220;post_content&#8220;][et_pb_column _builder_version=&#8220;4.19.4&#8243; _module_preset=&#8220;default&#8220; type=&#8220;4_4&#8243; theme_builder_area=&#8220;post_content&#8220;][et_pb_video src=&#8220;https:\/\/2dheal.com\/germany\/wp-content\/uploads\/sites\/26\/2023\/01\/2D-Heal1.mp4&#8243; _builder_version=&#8220;4.19.4&#8243; _module_preset=&#8220;default&#8220; theme_builder_area=&#8220;post_content&#8220; title_text=&#8220;2D-Heal1&#8243; hover_enabled=&#8220;0&#8243; sticky_enabled=&#8220;0&#8243;][\/et_pb_video][\/et_pb_column][\/et_pb_row][et_pb_row _builder_version=&#8220;4.19.4&#8243; _module_preset=&#8220;default&#8220; theme_builder_area=&#8220;post_content&#8220;][et_pb_column _builder_version=&#8220;4.19.4&#8243; _module_preset=&#8220;default&#8220; type=&#8220;4_4&#8243; theme_builder_area=&#8220;post_content&#8220;][et_pb_cta title=&#8220;USA Gro\u00dfhandelsprodukte weltweit \/ Kontaktieren Sie uns f\u00fcr unverpackte Zutaten&#8220; button_text=&#8220;Click Here&#8220; _builder_version=&#8220;4.19.4&#8243; _module_preset=&#8220;default&#8220; theme_builder_area=&#8220;post_content&#8220; use_background_color=&#8220;off&#8220; header_level=&#8220;h1&#8243; header_text_color=&#8220;#000000&#8243; body_text_color=&#8220;#6b6b6b&#8220; hover_enabled=&#8220;0&#8243; sticky_enabled=&#8220;0&#8243;]<\/p>\n<p>Produziert \u00fcber<\/p>\n<p><a href=\"https:\/\/www.sciencedirect.com\/topics\/biochemistry-genetics-and-molecular-biology\/yarrowia-lipolytica\" target=\"_blank\" rel=\"noopener\">Yarrowia lipolytica<\/a> ist wahrscheinlich die am besten untersuchte Hefe nach S. cerevisiae. Es ist streng aerob und nicht pathogen, und Verfahren, die auf diesem Mikroorganismus basieren, werden von der amerikanischen Food and Drug Administration (FDA) allgemein als sicher (GRAS) anerkannt.<\/p>\n<p><a href=\"https:\/\/pubmed.ncbi.nlm.nih.gov\/20140428\/\" target=\"_blank\" rel=\"noopener\">Yeasts<\/a><span>\u00a0<\/span>kombinieren die Leichtigkeit der genetischen Manipulation und Fermentation eines Mikroorganismus mit der F\u00e4higkeit, fremde Proteine \u200b\u200bgem\u00e4\u00df einem allgemeinen eukaryotischen Schema zu sekretieren und zu modifizieren.<\/p>\n<p>[\/et_pb_cta][\/et_pb_column][\/et_pb_row][\/et_pb_section][et_pb_section fb_built=&#8220;1&#8243; theme_builder_area=&#8220;post_content&#8220; _builder_version=&#8220;4.19.4&#8243; _module_preset=&#8220;default&#8220;][et_pb_row _builder_version=&#8220;4.19.4&#8243; _module_preset=&#8220;default&#8220; column_structure=&#8220;1_2,1_2&#8243; theme_builder_area=&#8220;post_content&#8220;][et_pb_column _builder_version=&#8220;4.19.4&#8243; _module_preset=&#8220;default&#8220; type=&#8220;1_2&#8243; theme_builder_area=&#8220;post_content&#8220;][et_pb_video src=&#8220;https:\/\/2dheal.com\/germany\/wp-content\/uploads\/sites\/26\/2023\/01\/2D-Heal2.mp4&#8243; _builder_version=&#8220;4.19.4&#8243; _module_preset=&#8220;default&#8220; theme_builder_area=&#8220;post_content&#8220; title_text=&#8220;2D-Heal2&#8243; hover_enabled=&#8220;0&#8243; sticky_enabled=&#8220;0&#8243;][\/et_pb_video][\/et_pb_column][et_pb_column _builder_version=&#8220;4.19.4&#8243; _module_preset=&#8220;default&#8220; type=&#8220;1_2&#8243; theme_builder_area=&#8220;post_content&#8220;][et_pb_cta title=&#8220;Revolution\u00e4r&#8220; button_text=&#8220;Click Here&#8220; _builder_version=&#8220;4.19.4&#8243; _module_preset=&#8220;default&#8220; theme_builder_area=&#8220;post_content&#8220; text_orientation=&#8220;left&#8220; use_background_color=&#8220;off&#8220; header_text_color=&#8220;#000000&#8243; body_text_color=&#8220;#5e5e5e&#8220; hover_enabled=&#8220;0&#8243; sticky_enabled=&#8220;0&#8243;]<\/p>\n<p>2D-Produkte werden in einer strengen Umgebung ohne GVO, Schwermetalle oder Chemikalien hergestellt.<\/p>\n<p>2D-Produkte sind viel mehr als Nahrungserg\u00e4nzungsmittel, sie sind Nahrungserg\u00e4nzungsmittel der Zukunft<\/p>\n<p>[\/et_pb_cta][\/et_pb_column][\/et_pb_row][\/et_pb_section][et_pb_section fb_built=&#8220;1&#8243; theme_builder_area=&#8220;post_content&#8220; _builder_version=&#8220;4.19.4&#8243; _module_preset=&#8220;default&#8220;][et_pb_row _builder_version=&#8220;4.19.4&#8243; _module_preset=&#8220;default&#8220; column_structure=&#8220;1_2,1_2&#8243; theme_builder_area=&#8220;post_content&#8220; hover_enabled=&#8220;0&#8243; sticky_enabled=&#8220;0&#8243; use_custom_gutter=&#8220;on&#8220; gutter_width=&#8220;1&#8243; make_equal=&#8220;on&#8220; width=&#8220;100%&#8220;][et_pb_column _builder_version=&#8220;4.19.4&#8243; _module_preset=&#8220;default&#8220; type=&#8220;1_2&#8243; theme_builder_area=&#8220;post_content&#8220; title_text=&#8220;Image-cosmetics-8&#8243; background_image=&#8220;https:\/\/2dheal.com\/germany\/wp-content\/uploads\/sites\/26\/2023\/01\/Image-cosmetics-8.jpg&#8220; hover_enabled=&#8220;0&#8243; sticky_enabled=&#8220;0&#8243;][\/et_pb_column][et_pb_column _builder_version=&#8220;4.19.4&#8243; _module_preset=&#8220;default&#8220; type=&#8220;1_2&#8243; theme_builder_area=&#8220;post_content&#8220;][et_pb_cta title=&#8220;Supereffizienter Absorptionsmechanismus&#8220; button_text=&#8220;Produkte durchsuchen&#8220; _builder_version=&#8220;4.19.4&#8243; _module_preset=&#8220;default&#8220; theme_builder_area=&#8220;post_content&#8220; _dynamic_attributes=&#8220;button_url&#8220; button_url=&#8220;@ET-DC@eyJkeW5hbWljIjp0cnVlLCJjb250ZW50IjoicG9zdF9saW5rX3VybF9wYWdlIiwic2V0dGluZ3MiOnsicG9zdF9pZCI6IjMxIn19@&#8220; hover_enabled=&#8220;0&#8243; sticky_enabled=&#8220;0&#8243; background_color=&#8220;#343651&#8243; text_orientation=&#8220;left&#8220;]<\/p>\n<p>Normale Proteine \u200b\u200baus Nahrungsextrakten werden vom menschlichen Verdauungssystem zerst\u00f6rt. W\u00e4hrend 2D-Erg\u00e4nzungen so konzipiert sind, dass sie von Pepsin in kurze Proteine \u200b\u200b\u200b\u200bf\u00fcr die Absorption zerlegt werden.<\/p>\n<p>Dar\u00fcber hinaus k\u00f6nnen 2D-Proteine \u200b\u200bbis zu 6 % des Produktgewichts ausmachen, was normalerweise zehntausendmal mehr ist als bei anderen Marken.<\/p>\n<p>[\/et_pb_cta][\/et_pb_column][\/et_pb_row][\/et_pb_section][et_pb_section fb_built=&#8220;1&#8243; theme_builder_area=&#8220;post_content&#8220; _builder_version=&#8220;4.19.4&#8243; _module_preset=&#8220;default&#8220;][et_pb_row _builder_version=&#8220;4.19.4&#8243; _module_preset=&#8220;default&#8220; theme_builder_area=&#8220;post_content&#8220;][et_pb_column _builder_version=&#8220;4.19.4&#8243; _module_preset=&#8220;default&#8220; type=&#8220;4_4&#8243; theme_builder_area=&#8220;post_content&#8220;][et_pb_shop _builder_version=&#8220;4.19.4&#8243; _module_preset=&#8220;default&#8220; theme_builder_area=&#8220;post_content&#8220; posts_number=&#8220;8&#8243; hover_enabled=&#8220;0&#8243; sticky_enabled=&#8220;0&#8243;][\/et_pb_shop][\/et_pb_column][\/et_pb_row][\/et_pb_section][et_pb_section fb_built=&#8220;1&#8243; theme_builder_area=&#8220;post_content&#8220; _builder_version=&#8220;4.19.4&#8243; _module_preset=&#8220;default&#8220; title_text=&#8220;Footer-image8-1024&#215;740&#8243; background_image=&#8220;https:\/\/2dheal.com\/germany\/wp-content\/uploads\/sites\/26\/2023\/01\/Footer-image8-1024&#215;740-1.jpg&#8220; hover_enabled=&#8220;0&#8243; sticky_enabled=&#8220;0&#8243;][et_pb_row _builder_version=&#8220;4.19.4&#8243; _module_preset=&#8220;default&#8220; theme_builder_area=&#8220;post_content&#8220;][et_pb_column _builder_version=&#8220;4.19.4&#8243; _module_preset=&#8220;default&#8220; type=&#8220;4_4&#8243; theme_builder_area=&#8220;post_content&#8220;][et_pb_code _builder_version=&#8220;4.19.4&#8243; _module_preset=&#8220;default&#8220; theme_builder_area=&#8220;post_content&#8220; hover_enabled=&#8220;0&#8243; sticky_enabled=&#8220;0&#8243;][mailpoet_form id=&#8220;1&#8243;][\/et_pb_code][\/et_pb_column][\/et_pb_row][\/et_pb_section]<\/p>\n","protected":false},"excerpt":{"rendered":"<p>Produziert \u00fcber Yarrowia lipolytica ist wahrscheinlich die am besten untersuchte Hefe nach S. cerevisiae. Es ist streng aerob und nicht pathogen, und Verfahren, die auf diesem Mikroorganismus basieren, werden von der amerikanischen Food and Drug Administration (FDA) allgemein als sicher (GRAS) anerkannt. Yeasts\u00a0kombinieren die Leichtigkeit der genetischen Manipulation und Fermentation eines Mikroorganismus mit der F\u00e4higkeit, [&hellip;]<\/p>\n","protected":false},"author":2,"featured_media":0,"parent":0,"menu_order":0,"comment_status":"closed","ping_status":"closed","template":"","meta":{"_acf_changed":false,"_et_pb_use_builder":"on","_et_pb_old_content":"","_et_gb_content_width":"","footnotes":""},"class_list":["post-25","page","type-page","status-publish","hentry"],"acf":[],"yoast_head":"<!-- This site is optimized with the Yoast SEO plugin v27.3 - https:\/\/yoast.com\/product\/yoast-seo-wordpress\/ -->\n<title>Home - 2DHeal Germany<\/title>\n<meta name=\"robots\" content=\"index, follow, max-snippet:-1, max-image-preview:large, max-video-preview:-1\" \/>\n<link rel=\"canonical\" href=\"https:\/\/2dheal.com\/germany\/\" \/>\n<meta property=\"og:locale\" content=\"de_DE\" \/>\n<meta property=\"og:type\" content=\"article\" \/>\n<meta property=\"og:title\" content=\"Home - 2DHeal Germany\" \/>\n<meta property=\"og:description\" content=\"Produziert \u00fcber Yarrowia lipolytica ist wahrscheinlich die am besten untersuchte Hefe nach S. cerevisiae. Es ist streng aerob und nicht pathogen, und Verfahren, die auf diesem Mikroorganismus basieren, werden von der amerikanischen Food and Drug Administration (FDA) allgemein als sicher (GRAS) anerkannt. Yeasts\u00a0kombinieren die Leichtigkeit der genetischen Manipulation und Fermentation eines Mikroorganismus mit der F\u00e4higkeit, [&hellip;]\" \/>\n<meta property=\"og:url\" content=\"https:\/\/2dheal.com\/germany\/\" \/>\n<meta property=\"og:site_name\" content=\"2DHeal Germany\" \/>\n<meta property=\"article:modified_time\" content=\"2023-01-18T09:48:38+00:00\" \/>\n<meta name=\"twitter:card\" content=\"summary_large_image\" \/>\n<meta name=\"twitter:label1\" content=\"Gesch\u00e4tzte Lesezeit\" \/>\n\t<meta name=\"twitter:data1\" content=\"4\u00a0Minuten\" \/>\n<script type=\"application\/ld+json\" class=\"yoast-schema-graph\">{\"@context\":\"https:\\\/\\\/schema.org\",\"@graph\":[{\"@type\":\"WebPage\",\"@id\":\"https:\\\/\\\/2dheal.com\\\/germany\\\/\",\"url\":\"https:\\\/\\\/2dheal.com\\\/germany\\\/\",\"name\":\"Home - 2DHeal Germany\",\"isPartOf\":{\"@id\":\"https:\\\/\\\/2dheal.com\\\/germany\\\/#website\"},\"datePublished\":\"2023-01-18T08:25:09+00:00\",\"dateModified\":\"2023-01-18T09:48:38+00:00\",\"breadcrumb\":{\"@id\":\"https:\\\/\\\/2dheal.com\\\/germany\\\/#breadcrumb\"},\"inLanguage\":\"de\",\"potentialAction\":[{\"@type\":\"ReadAction\",\"target\":[\"https:\\\/\\\/2dheal.com\\\/germany\\\/\"]}]},{\"@type\":\"BreadcrumbList\",\"@id\":\"https:\\\/\\\/2dheal.com\\\/germany\\\/#breadcrumb\",\"itemListElement\":[{\"@type\":\"ListItem\",\"position\":1,\"name\":\"Home\",\"item\":\"https:\\\/\\\/2dheal.com\\\/germany\\\/\"},{\"@type\":\"ListItem\",\"position\":2,\"name\":\"Home\"}]},{\"@type\":\"WebSite\",\"@id\":\"https:\\\/\\\/2dheal.com\\\/germany\\\/#website\",\"url\":\"https:\\\/\\\/2dheal.com\\\/germany\\\/\",\"name\":\"2DHeal Germany\",\"description\":\"All Products Fermented Protein\",\"potentialAction\":[{\"@type\":\"SearchAction\",\"target\":{\"@type\":\"EntryPoint\",\"urlTemplate\":\"https:\\\/\\\/2dheal.com\\\/germany\\\/?s={search_term_string}\"},\"query-input\":{\"@type\":\"PropertyValueSpecification\",\"valueRequired\":true,\"valueName\":\"search_term_string\"}}],\"inLanguage\":\"de\"}]}<\/script>\n<!-- \/ Yoast SEO plugin. -->","yoast_head_json":{"title":"Home - 2DHeal Germany","robots":{"index":"index","follow":"follow","max-snippet":"max-snippet:-1","max-image-preview":"max-image-preview:large","max-video-preview":"max-video-preview:-1"},"canonical":"https:\/\/2dheal.com\/germany\/","og_locale":"de_DE","og_type":"article","og_title":"Home - 2DHeal Germany","og_description":"Produziert \u00fcber Yarrowia lipolytica ist wahrscheinlich die am besten untersuchte Hefe nach S. cerevisiae. Es ist streng aerob und nicht pathogen, und Verfahren, die auf diesem Mikroorganismus basieren, werden von der amerikanischen Food and Drug Administration (FDA) allgemein als sicher (GRAS) anerkannt. Yeasts\u00a0kombinieren die Leichtigkeit der genetischen Manipulation und Fermentation eines Mikroorganismus mit der F\u00e4higkeit, [&hellip;]","og_url":"https:\/\/2dheal.com\/germany\/","og_site_name":"2DHeal Germany","article_modified_time":"2023-01-18T09:48:38+00:00","twitter_card":"summary_large_image","twitter_misc":{"Gesch\u00e4tzte Lesezeit":"4\u00a0Minuten"},"schema":{"@context":"https:\/\/schema.org","@graph":[{"@type":"WebPage","@id":"https:\/\/2dheal.com\/germany\/","url":"https:\/\/2dheal.com\/germany\/","name":"Home - 2DHeal Germany","isPartOf":{"@id":"https:\/\/2dheal.com\/germany\/#website"},"datePublished":"2023-01-18T08:25:09+00:00","dateModified":"2023-01-18T09:48:38+00:00","breadcrumb":{"@id":"https:\/\/2dheal.com\/germany\/#breadcrumb"},"inLanguage":"de","potentialAction":[{"@type":"ReadAction","target":["https:\/\/2dheal.com\/germany\/"]}]},{"@type":"BreadcrumbList","@id":"https:\/\/2dheal.com\/germany\/#breadcrumb","itemListElement":[{"@type":"ListItem","position":1,"name":"Home","item":"https:\/\/2dheal.com\/germany\/"},{"@type":"ListItem","position":2,"name":"Home"}]},{"@type":"WebSite","@id":"https:\/\/2dheal.com\/germany\/#website","url":"https:\/\/2dheal.com\/germany\/","name":"2DHeal Germany","description":"All Products Fermented Protein","potentialAction":[{"@type":"SearchAction","target":{"@type":"EntryPoint","urlTemplate":"https:\/\/2dheal.com\/germany\/?s={search_term_string}"},"query-input":{"@type":"PropertyValueSpecification","valueRequired":true,"valueName":"search_term_string"}}],"inLanguage":"de"}]}},"jetpack_sharing_enabled":true,"_links":{"self":[{"href":"https:\/\/2dheal.com\/germany\/wp-json\/wp\/v2\/pages\/25","targetHints":{"allow":["GET"]}}],"collection":[{"href":"https:\/\/2dheal.com\/germany\/wp-json\/wp\/v2\/pages"}],"about":[{"href":"https:\/\/2dheal.com\/germany\/wp-json\/wp\/v2\/types\/page"}],"author":[{"embeddable":true,"href":"https:\/\/2dheal.com\/germany\/wp-json\/wp\/v2\/users\/2"}],"replies":[{"embeddable":true,"href":"https:\/\/2dheal.com\/germany\/wp-json\/wp\/v2\/comments?post=25"}],"version-history":[{"count":3,"href":"https:\/\/2dheal.com\/germany\/wp-json\/wp\/v2\/pages\/25\/revisions"}],"predecessor-version":[{"id":106,"href":"https:\/\/2dheal.com\/germany\/wp-json\/wp\/v2\/pages\/25\/revisions\/106"}],"wp:attachment":[{"href":"https:\/\/2dheal.com\/germany\/wp-json\/wp\/v2\/media?parent=25"}],"curies":[{"name":"wp","href":"https:\/\/api.w.org\/{rel}","templated":true}]}}