{"id":31,"date":"2023-01-19T10:22:46","date_gmt":"2023-01-19T10:22:46","guid":{"rendered":"https:\/\/2dheal.com\/italy\/?page_id=31"},"modified":"2023-01-19T13:28:42","modified_gmt":"2023-01-19T13:28:42","slug":"home","status":"publish","type":"page","link":"https:\/\/2dheal.com\/italy\/","title":{"rendered":"Home"},"content":{"rendered":"<p>[et_pb_section fb_built=&#8221;1&#8243; _builder_version=&#8221;4.19.4&#8243; _module_preset=&#8221;default&#8221; background_image=&#8221;https:\/\/2dheal.com\/italy\/wp-content\/uploads\/sites\/28\/2023\/01\/Header-image1-1024&#215;684-1.jpg&#8221; global_colors_info=&#8221;{}&#8221;][et_pb_row _builder_version=&#8221;4.19.4&#8243; _module_preset=&#8221;default&#8221; global_colors_info=&#8221;{}&#8221;][et_pb_column type=&#8221;4_4&#8243; _builder_version=&#8221;4.19.4&#8243; _module_preset=&#8221;default&#8221; global_colors_info=&#8221;{}&#8221;][et_pb_video src=&#8221;https:\/\/2dheal.com\/italy\/wp-content\/uploads\/sites\/28\/2023\/01\/2D-Heal1.mp4&#8243; _builder_version=&#8221;4.19.4&#8243; _module_preset=&#8221;default&#8221; global_colors_info=&#8221;{}&#8221;][\/et_pb_video][\/et_pb_column][\/et_pb_row][et_pb_row _builder_version=&#8221;4.19.4&#8243; _module_preset=&#8221;default&#8221; global_colors_info=&#8221;{}&#8221;][et_pb_column type=&#8221;4_4&#8243; _builder_version=&#8221;4.19.4&#8243; _module_preset=&#8221;default&#8221; global_colors_info=&#8221;{}&#8221;][et_pb_cta title=&#8221;USA Wholesale Products Globally \/ Contact Us for Unpackaged Ingredients&#8221; button_text=&#8221;Click Here&#8221; _builder_version=&#8221;4.19.4&#8243; _module_preset=&#8221;default&#8221; header_level=&#8221;h1&#8243; header_text_color=&#8221;#000000&#8243; body_text_color=&#8221;#3f3f3f&#8221; use_background_color=&#8221;off&#8221; global_colors_info=&#8221;{}&#8221;]Prodotto tramite<\/p>\n<p>Yarrowia lipolytica  \u00e8 probabilmente il lievito pi\u00f9 studiato dopo S. cerevisiae. \u00c8 strettamente aerobico e non patogeno e i processi basati su questo microrganismo sono generalmente riconosciuti come sicuri (GRAS) dalla Food and Drug Administration (FDA) americana.<\/p>\n<p>Yeasts  combinare la facilit\u00e0 di manipolazione genetica e fermentazione di un microrganismo con la capacit\u00e0 di secernere e modificare proteine \u200b\u200bestranee secondo uno schema eucariotico generale.[\/et_pb_cta][\/et_pb_column][\/et_pb_row][\/et_pb_section][et_pb_section fb_built=&#8221;1&#8243; _builder_version=&#8221;4.19.4&#8243; _module_preset=&#8221;default&#8221; global_colors_info=&#8221;{}&#8221;][et_pb_row column_structure=&#8221;1_2,1_2&#8243; _builder_version=&#8221;4.19.4&#8243; _module_preset=&#8221;default&#8221; global_colors_info=&#8221;{}&#8221;][et_pb_column type=&#8221;1_2&#8243; _builder_version=&#8221;4.19.4&#8243; _module_preset=&#8221;default&#8221; global_colors_info=&#8221;{}&#8221;][et_pb_video src=&#8221;https:\/\/2dheal.com\/italy\/wp-content\/uploads\/sites\/28\/2023\/01\/2D-Heal2.mp4&#8243; _builder_version=&#8221;4.19.4&#8243; _module_preset=&#8221;default&#8221; global_colors_info=&#8221;{}&#8221;][\/et_pb_video][\/et_pb_column][et_pb_column type=&#8221;1_2&#8243; _builder_version=&#8221;4.19.4&#8243; _module_preset=&#8221;default&#8221; global_colors_info=&#8221;{}&#8221;][et_pb_cta title=&#8221;Rivoluzionario&#8221; button_text=&#8221;Click Here&#8221; _builder_version=&#8221;4.19.4&#8243; _module_preset=&#8221;default&#8221; header_text_color=&#8221;#000000&#8243; body_text_color=&#8221;#424242&#8243; use_background_color=&#8221;off&#8221; text_orientation=&#8221;left&#8221; global_colors_info=&#8221;{}&#8221;]I prodotti 2D sono prodotti in un ambiente rigoroso senza OGM, metalli pesanti o sostanze chimiche.<\/p>\n<p>I prodotti 2D sono molto pi\u00f9 che integratori, sono integratori del futuro[\/et_pb_cta][\/et_pb_column][\/et_pb_row][\/et_pb_section][et_pb_section fb_built=&#8221;1&#8243; theme_builder_area=&#8221;post_content&#8221; _builder_version=&#8221;4.19.4&#8243; _module_preset=&#8221;default&#8221;][et_pb_row _builder_version=&#8221;4.19.4&#8243; _module_preset=&#8221;default&#8221; column_structure=&#8221;1_2,1_2&#8243; theme_builder_area=&#8221;post_content&#8221; use_custom_gutter=&#8221;on&#8221; gutter_width=&#8221;1&#8243; make_equal=&#8221;on&#8221; width=&#8221;100%&#8221; hover_enabled=&#8221;0&#8243; sticky_enabled=&#8221;0&#8243;][et_pb_column _builder_version=&#8221;4.19.4&#8243; _module_preset=&#8221;default&#8221; type=&#8221;1_2&#8243; theme_builder_area=&#8221;post_content&#8221; title_text=&#8221;Image-cosmetics-8&#8243; background_image=&#8221;https:\/\/2dheal.com\/italy\/wp-content\/uploads\/sites\/28\/2023\/01\/Image-cosmetics-8.jpg&#8221; hover_enabled=&#8221;0&#8243; sticky_enabled=&#8221;0&#8243;][\/et_pb_column][et_pb_column _builder_version=&#8221;4.19.4&#8243; _module_preset=&#8221;default&#8221; type=&#8221;1_2&#8243; theme_builder_area=&#8221;post_content&#8221;][et_pb_cta title=&#8221;Meccanismo di assorbimento super efficiente&#8221; button_text=&#8221;Sfoglia i prodotti&#8221; _builder_version=&#8221;4.19.4&#8243; _module_preset=&#8221;default&#8221; theme_builder_area=&#8221;post_content&#8221; background_color=&#8221;#2d2e47&#8243; button_url=&#8221;@ET-DC@eyJkeW5hbWljIjp0cnVlLCJjb250ZW50IjoicG9zdF9saW5rX3VybF9wYWdlIiwic2V0dGluZ3MiOnsicG9zdF9pZCI6IjI0In19@&#8221; _dynamic_attributes=&#8221;button_url&#8221; hover_enabled=&#8221;0&#8243; sticky_enabled=&#8221;0&#8243; text_orientation=&#8221;left&#8221;]<\/p>\n<p>Le proteine \u200b\u200bnormali degli estratti alimentari vengono distrutte dal sistema digestivo umano. Considerando che gli integratori 2D sono progettati per essere sezionati dalla pepsina in proteine \u200b\u200b\u200b\u200bcorte per l&#8217;assorbimento.<\/p>\n<p>Inoltre, le proteine \u200b\u200b2D possono raggiungere il 6% del peso del prodotto, che normalmente \u00e8 decine di migliaia di volte superiore rispetto ad altre marche.<\/p>\n<p>[\/et_pb_cta][\/et_pb_column][\/et_pb_row][\/et_pb_section][et_pb_section fb_built=&#8221;1&#8243; theme_builder_area=&#8221;post_content&#8221; _builder_version=&#8221;4.19.4&#8243; _module_preset=&#8221;default&#8221;][et_pb_row _builder_version=&#8221;4.19.4&#8243; _module_preset=&#8221;default&#8221; theme_builder_area=&#8221;post_content&#8221;][et_pb_column _builder_version=&#8221;4.19.4&#8243; _module_preset=&#8221;default&#8221; type=&#8221;4_4&#8243; theme_builder_area=&#8221;post_content&#8221;][et_pb_shop _builder_version=&#8221;4.19.4&#8243; _module_preset=&#8221;default&#8221; theme_builder_area=&#8221;post_content&#8221; posts_number=&#8221;8&#8243; hover_enabled=&#8221;0&#8243; sticky_enabled=&#8221;0&#8243;][\/et_pb_shop][\/et_pb_column][\/et_pb_row][\/et_pb_section][et_pb_section fb_built=&#8221;1&#8243; theme_builder_area=&#8221;post_content&#8221; _builder_version=&#8221;4.19.4&#8243; _module_preset=&#8221;default&#8221; title_text=&#8221;Footer-image8-1024&#215;740&#8243; background_image=&#8221;https:\/\/2dheal.com\/italy\/wp-content\/uploads\/sites\/28\/2023\/01\/Footer-image8-1024&#215;740-1.jpg&#8221; hover_enabled=&#8221;0&#8243; sticky_enabled=&#8221;0&#8243;][et_pb_row _builder_version=&#8221;4.19.4&#8243; _module_preset=&#8221;default&#8221; theme_builder_area=&#8221;post_content&#8221;][et_pb_column _builder_version=&#8221;4.19.4&#8243; _module_preset=&#8221;default&#8221; type=&#8221;4_4&#8243; theme_builder_area=&#8221;post_content&#8221;][et_pb_code _builder_version=&#8221;4.19.4&#8243; _module_preset=&#8221;default&#8221; theme_builder_area=&#8221;post_content&#8221; hover_enabled=&#8221;0&#8243; sticky_enabled=&#8221;0&#8243;][mailpoet_form id=&#8221;1&#8243;][\/et_pb_code][\/et_pb_column][\/et_pb_row][\/et_pb_section]<\/p>\n","protected":false},"excerpt":{"rendered":"<p>Prodotto tramite Yarrowia lipolytica \u00e8 probabilmente il lievito pi\u00f9 studiato dopo S. cerevisiae. \u00c8 strettamente aerobico e non patogeno e i processi basati su questo microrganismo sono generalmente riconosciuti come sicuri (GRAS) dalla Food and Drug Administration (FDA) americana. Yeasts combinare la facilit\u00e0 di manipolazione genetica e fermentazione di un microrganismo con la capacit\u00e0 di [&hellip;]<\/p>\n","protected":false},"author":2,"featured_media":0,"parent":0,"menu_order":0,"comment_status":"closed","ping_status":"closed","template":"","meta":{"_acf_changed":false,"_et_pb_use_builder":"on","_et_pb_old_content":"","_et_gb_content_width":"","footnotes":""},"class_list":["post-31","page","type-page","status-publish","hentry"],"acf":[],"yoast_head":"<!-- This site is optimized with the Yoast SEO plugin v27.4 - https:\/\/yoast.com\/product\/yoast-seo-wordpress\/ -->\n<title>Home - 2D Italy<\/title>\n<meta name=\"robots\" content=\"index, follow, max-snippet:-1, max-image-preview:large, max-video-preview:-1\" \/>\n<link rel=\"canonical\" href=\"https:\/\/2dheal.com\/italy\/\" \/>\n<meta property=\"og:locale\" content=\"it_IT\" \/>\n<meta property=\"og:type\" content=\"article\" \/>\n<meta property=\"og:title\" content=\"Home - 2D Italy\" \/>\n<meta property=\"og:description\" content=\"Prodotto tramite Yarrowia lipolytica \u00e8 probabilmente il lievito pi\u00f9 studiato dopo S. cerevisiae. \u00c8 strettamente aerobico e non patogeno e i processi basati su questo microrganismo sono generalmente riconosciuti come sicuri (GRAS) dalla Food and Drug Administration (FDA) americana. Yeasts combinare la facilit\u00e0 di manipolazione genetica e fermentazione di un microrganismo con la capacit\u00e0 di [&hellip;]\" \/>\n<meta property=\"og:url\" content=\"https:\/\/2dheal.com\/italy\/\" \/>\n<meta property=\"og:site_name\" content=\"2D Italy\" \/>\n<meta property=\"article:modified_time\" content=\"2023-01-19T13:28:42+00:00\" \/>\n<meta name=\"twitter:card\" content=\"summary_large_image\" \/>\n<meta name=\"twitter:label1\" content=\"Tempo di lettura stimato\" \/>\n\t<meta name=\"twitter:data1\" content=\"4 minuti\" \/>\n<script type=\"application\/ld+json\" class=\"yoast-schema-graph\">{\"@context\":\"https:\\\/\\\/schema.org\",\"@graph\":[{\"@type\":\"WebPage\",\"@id\":\"https:\\\/\\\/2dheal.com\\\/italy\\\/\",\"url\":\"https:\\\/\\\/2dheal.com\\\/italy\\\/\",\"name\":\"Home - 2D Italy\",\"isPartOf\":{\"@id\":\"https:\\\/\\\/2dheal.com\\\/italy\\\/#website\"},\"datePublished\":\"2023-01-19T10:22:46+00:00\",\"dateModified\":\"2023-01-19T13:28:42+00:00\",\"breadcrumb\":{\"@id\":\"https:\\\/\\\/2dheal.com\\\/italy\\\/#breadcrumb\"},\"inLanguage\":\"it-IT\",\"potentialAction\":[{\"@type\":\"ReadAction\",\"target\":[\"https:\\\/\\\/2dheal.com\\\/italy\\\/\"]}]},{\"@type\":\"BreadcrumbList\",\"@id\":\"https:\\\/\\\/2dheal.com\\\/italy\\\/#breadcrumb\",\"itemListElement\":[{\"@type\":\"ListItem\",\"position\":1,\"name\":\"Home\",\"item\":\"https:\\\/\\\/2dheal.com\\\/italy\\\/\"},{\"@type\":\"ListItem\",\"position\":2,\"name\":\"Home\"}]},{\"@type\":\"WebSite\",\"@id\":\"https:\\\/\\\/2dheal.com\\\/italy\\\/#website\",\"url\":\"https:\\\/\\\/2dheal.com\\\/italy\\\/\",\"name\":\"2D Italy\",\"description\":\"All Products Fermented Protein\",\"potentialAction\":[{\"@type\":\"SearchAction\",\"target\":{\"@type\":\"EntryPoint\",\"urlTemplate\":\"https:\\\/\\\/2dheal.com\\\/italy\\\/?s={search_term_string}\"},\"query-input\":{\"@type\":\"PropertyValueSpecification\",\"valueRequired\":true,\"valueName\":\"search_term_string\"}}],\"inLanguage\":\"it-IT\"}]}<\/script>\n<!-- \/ Yoast SEO plugin. -->","yoast_head_json":{"title":"Home - 2D Italy","robots":{"index":"index","follow":"follow","max-snippet":"max-snippet:-1","max-image-preview":"max-image-preview:large","max-video-preview":"max-video-preview:-1"},"canonical":"https:\/\/2dheal.com\/italy\/","og_locale":"it_IT","og_type":"article","og_title":"Home - 2D Italy","og_description":"Prodotto tramite Yarrowia lipolytica \u00e8 probabilmente il lievito pi\u00f9 studiato dopo S. cerevisiae. \u00c8 strettamente aerobico e non patogeno e i processi basati su questo microrganismo sono generalmente riconosciuti come sicuri (GRAS) dalla Food and Drug Administration (FDA) americana. Yeasts combinare la facilit\u00e0 di manipolazione genetica e fermentazione di un microrganismo con la capacit\u00e0 di [&hellip;]","og_url":"https:\/\/2dheal.com\/italy\/","og_site_name":"2D Italy","article_modified_time":"2023-01-19T13:28:42+00:00","twitter_card":"summary_large_image","twitter_misc":{"Tempo di lettura stimato":"4 minuti"},"schema":{"@context":"https:\/\/schema.org","@graph":[{"@type":"WebPage","@id":"https:\/\/2dheal.com\/italy\/","url":"https:\/\/2dheal.com\/italy\/","name":"Home - 2D Italy","isPartOf":{"@id":"https:\/\/2dheal.com\/italy\/#website"},"datePublished":"2023-01-19T10:22:46+00:00","dateModified":"2023-01-19T13:28:42+00:00","breadcrumb":{"@id":"https:\/\/2dheal.com\/italy\/#breadcrumb"},"inLanguage":"it-IT","potentialAction":[{"@type":"ReadAction","target":["https:\/\/2dheal.com\/italy\/"]}]},{"@type":"BreadcrumbList","@id":"https:\/\/2dheal.com\/italy\/#breadcrumb","itemListElement":[{"@type":"ListItem","position":1,"name":"Home","item":"https:\/\/2dheal.com\/italy\/"},{"@type":"ListItem","position":2,"name":"Home"}]},{"@type":"WebSite","@id":"https:\/\/2dheal.com\/italy\/#website","url":"https:\/\/2dheal.com\/italy\/","name":"2D Italy","description":"All Products Fermented Protein","potentialAction":[{"@type":"SearchAction","target":{"@type":"EntryPoint","urlTemplate":"https:\/\/2dheal.com\/italy\/?s={search_term_string}"},"query-input":{"@type":"PropertyValueSpecification","valueRequired":true,"valueName":"search_term_string"}}],"inLanguage":"it-IT"}]}},"jetpack_sharing_enabled":true,"_links":{"self":[{"href":"https:\/\/2dheal.com\/italy\/wp-json\/wp\/v2\/pages\/31","targetHints":{"allow":["GET"]}}],"collection":[{"href":"https:\/\/2dheal.com\/italy\/wp-json\/wp\/v2\/pages"}],"about":[{"href":"https:\/\/2dheal.com\/italy\/wp-json\/wp\/v2\/types\/page"}],"author":[{"embeddable":true,"href":"https:\/\/2dheal.com\/italy\/wp-json\/wp\/v2\/users\/2"}],"replies":[{"embeddable":true,"href":"https:\/\/2dheal.com\/italy\/wp-json\/wp\/v2\/comments?post=31"}],"version-history":[{"count":5,"href":"https:\/\/2dheal.com\/italy\/wp-json\/wp\/v2\/pages\/31\/revisions"}],"predecessor-version":[{"id":107,"href":"https:\/\/2dheal.com\/italy\/wp-json\/wp\/v2\/pages\/31\/revisions\/107"}],"wp:attachment":[{"href":"https:\/\/2dheal.com\/italy\/wp-json\/wp\/v2\/media?parent=31"}],"curies":[{"name":"wp","href":"https:\/\/api.w.org\/{rel}","templated":true}]}}