{"id":24,"date":"2023-01-17T08:01:22","date_gmt":"2023-01-17T08:01:22","guid":{"rendered":"https:\/\/2dheal.com\/mexico\/?page_id=24"},"modified":"2023-01-17T09:01:29","modified_gmt":"2023-01-17T09:01:29","slug":"home","status":"publish","type":"page","link":"https:\/\/2dheal.com\/mexico\/","title":{"rendered":"Home"},"content":{"rendered":"<p>[et_pb_section fb_built=&#8221;1&#8243; _builder_version=&#8221;4.19.4&#8243; _module_preset=&#8221;default&#8221; background_image=&#8221;https:\/\/2dheal.com\/mexico\/wp-content\/uploads\/sites\/23\/2023\/01\/Header-image1-1024&#215;684-1.jpg&#8221; hover_enabled=&#8221;0&#8243; global_colors_info=&#8221;{}&#8221; sticky_enabled=&#8221;0&#8243;][et_pb_row _builder_version=&#8221;4.19.4&#8243; _module_preset=&#8221;default&#8221; global_colors_info=&#8221;{}&#8221;][et_pb_column type=&#8221;4_4&#8243; _builder_version=&#8221;4.19.4&#8243; _module_preset=&#8221;default&#8221; global_colors_info=&#8221;{}&#8221;][et_pb_video src=&#8221;https:\/\/2dheal.com\/mexico\/wp-content\/uploads\/sites\/23\/2023\/01\/2D-Heal1.mp4&#8243; _builder_version=&#8221;4.19.4&#8243; _module_preset=&#8221;default&#8221; global_colors_info=&#8221;{}&#8221;][\/et_pb_video][\/et_pb_column][\/et_pb_row][et_pb_row _builder_version=&#8221;4.19.4&#8243; _module_preset=&#8221;default&#8221; hover_enabled=&#8221;0&#8243; global_colors_info=&#8221;{}&#8221; sticky_enabled=&#8221;0&#8243;][et_pb_column type=&#8221;4_4&#8243; _builder_version=&#8221;4.19.4&#8243; _module_preset=&#8221;default&#8221; global_colors_info=&#8221;{}&#8221;][et_pb_cta title=&#8221;Productos al por mayor de M\u00e9xico a nivel mundial \/ Cont\u00e1ctenos para obtener ingredientes sin envasar&#8221; button_text=&#8221;Browse Products&#8221; _builder_version=&#8221;4.19.4&#8243; _module_preset=&#8221;default&#8221; header_level=&#8221;h1&#8243; header_text_color=&#8221;#000000&#8243; body_text_color=&#8221;#494949&#8243; use_background_color=&#8221;off&#8221; hover_enabled=&#8221;0&#8243; global_colors_info=&#8221;{}&#8221; sticky_enabled=&#8221;0&#8243;]<\/p>\n<p>producido a trav\u00e9s de<\/p>\n<p><a href=\"https:\/\/www.sciencedirect.com\/topics\/biochemistry-genetics-and-molecular-biology\/yarrowia-lipolytica\" target=\"_blank\" rel=\"noopener\">Yarrowia lipolytica<\/a> es probablemente la levadura m\u00e1s estudiada despu\u00e9s de S. cerevisiae. Es estrictamente aer\u00f3bico y no pat\u00f3geno y los procesos basados \u200b\u200ben este microorganismo son generalmente reconocidos como seguros (GRAS) por la Administraci\u00f3n Estadounidense de Alimentos y Medicamentos (FDA).<\/p>\n<p><a href=\"https:\/\/pubmed.ncbi.nlm.nih.gov\/20140428\/\" target=\"_blank\" rel=\"noopener\">Levaduras<\/a> combinar la facilidad de manipulaci\u00f3n gen\u00e9tica y fermentaci\u00f3n de un microorganismo con la capacidad de secretar y modificar prote\u00ednas extra\u00f1as de acuerdo con un esquema eucari\u00f3tico general.<\/p>\n<p>[\/et_pb_cta][\/et_pb_column][\/et_pb_row][\/et_pb_section][et_pb_section fb_built=&#8221;1&#8243; _builder_version=&#8221;4.19.4&#8243; _module_preset=&#8221;default&#8221; global_colors_info=&#8221;{}&#8221;][et_pb_row column_structure=&#8221;1_2,1_2&#8243; _builder_version=&#8221;4.19.4&#8243; _module_preset=&#8221;default&#8221; global_colors_info=&#8221;{}&#8221;][et_pb_column type=&#8221;1_2&#8243; _builder_version=&#8221;4.19.4&#8243; _module_preset=&#8221;default&#8221; global_colors_info=&#8221;{}&#8221;][et_pb_video src=&#8221;https:\/\/2dheal.com\/mexico\/wp-content\/uploads\/sites\/23\/2023\/01\/2D-Heal2.mp4&#8243; _builder_version=&#8221;4.19.4&#8243; _module_preset=&#8221;default&#8221; global_colors_info=&#8221;{}&#8221;][\/et_pb_video][\/et_pb_column][et_pb_column type=&#8221;1_2&#8243; _builder_version=&#8221;4.19.4&#8243; _module_preset=&#8221;default&#8221; global_colors_info=&#8221;{}&#8221;][et_pb_cta title=&#8221;Revolutionary&#8221; button_url=&#8221;@ET-DC@eyJkeW5hbWljIjp0cnVlLCJjb250ZW50IjoicG9zdF9saW5rX3VybF9wYWdlIiwic2V0dGluZ3MiOnsicG9zdF9pZCI6IjE4In19@&#8221; button_text=&#8221;Browse Products&#8221; _builder_version=&#8221;4.19.4&#8243; _dynamic_attributes=&#8221;button_url&#8221; _module_preset=&#8221;default&#8221; header_text_color=&#8221;#000000&#8243; body_text_color=&#8221;#000000&#8243; use_background_color=&#8221;off&#8221; custom_button=&#8221;on&#8221; button_text_color=&#8221;#0C71C3&#8243; text_orientation=&#8221;left&#8221; global_colors_info=&#8221;{}&#8221;]<\/p>\n<p>2D products are produced in a strict environment without GMO, heavy metals or chemicals.<\/p>\n<p>2D products are a lot more than supplements they are supplements of the future<\/p>\n<p>[\/et_pb_cta][\/et_pb_column][\/et_pb_row][\/et_pb_section][et_pb_section fb_built=&#8221;1&#8243; _builder_version=&#8221;4.19.4&#8243; _module_preset=&#8221;default&#8221; global_colors_info=&#8221;{}&#8221;][et_pb_row column_structure=&#8221;1_2,1_2&#8243; use_custom_gutter=&#8221;on&#8221; gutter_width=&#8221;1&#8243; make_equal=&#8221;on&#8221; _builder_version=&#8221;4.19.4&#8243; _module_preset=&#8221;default&#8221; width=&#8221;100%&#8221; global_colors_info=&#8221;{}&#8221;][et_pb_column type=&#8221;1_2&#8243; _builder_version=&#8221;4.19.4&#8243; _module_preset=&#8221;default&#8221; background_image=&#8221;https:\/\/2dheal.com\/mexico\/wp-content\/uploads\/sites\/23\/2023\/01\/Image-cosmetics-8.jpg&#8221; global_colors_info=&#8221;{}&#8221;][\/et_pb_column][et_pb_column type=&#8221;1_2&#8243; _builder_version=&#8221;4.19.4&#8243; _module_preset=&#8221;default&#8221; global_colors_info=&#8221;{}&#8221;][et_pb_cta title=&#8221;Super Efficient Absorbing Mechanism&#8221; button_url=&#8221;@ET-DC@eyJkeW5hbWljIjp0cnVlLCJjb250ZW50IjoicG9zdF9saW5rX3VybF9wYWdlIiwic2V0dGluZ3MiOnsicG9zdF9pZCI6IjE4In19@&#8221; button_text=&#8221;Browse Products&#8221; _builder_version=&#8221;4.19.4&#8243; _dynamic_attributes=&#8221;button_url&#8221; _module_preset=&#8221;default&#8221; background_color=&#8221;#3d1d9b&#8221; global_colors_info=&#8221;{}&#8221;]<\/p>\n<div class=\"et_pb_promo_description\">\n<div>\n<p>Regular proteins from food extracts, gets destroyed by\u00a0 the human digesting system. Whereas 2D supplements are designed to be dissected by pepsin into short proteins for absorption.<\/p>\n<p>Furthermore, 2D proteins can reach as high as 6% of the product weight, which is normally tens of thousands of times more than other brands.<\/p>\n<\/div>\n<\/div>\n<p>[\/et_pb_cta][\/et_pb_column][\/et_pb_row][\/et_pb_section][et_pb_section fb_built=&#8221;1&#8243; _builder_version=&#8221;4.19.4&#8243; _module_preset=&#8221;default&#8221; global_colors_info=&#8221;{}&#8221;][et_pb_row _builder_version=&#8221;4.19.4&#8243; _module_preset=&#8221;default&#8221; global_colors_info=&#8221;{}&#8221;][et_pb_column type=&#8221;4_4&#8243; _builder_version=&#8221;4.19.4&#8243; _module_preset=&#8221;default&#8221; global_colors_info=&#8221;{}&#8221;][et_pb_shop _builder_version=&#8221;4.19.4&#8243; _module_preset=&#8221;default&#8221; global_colors_info=&#8221;{}&#8221;][\/et_pb_shop][\/et_pb_column][\/et_pb_row][\/et_pb_section][et_pb_section fb_built=&#8221;1&#8243; _builder_version=&#8221;4.19.4&#8243; _module_preset=&#8221;default&#8221; background_image=&#8221;https:\/\/2dheal.com\/mexico\/wp-content\/uploads\/sites\/23\/2023\/01\/Footer-image8-300&#215;217-1.jpg&#8221; global_colors_info=&#8221;{}&#8221;][et_pb_row _builder_version=&#8221;4.19.4&#8243; _module_preset=&#8221;default&#8221; global_colors_info=&#8221;{}&#8221;][et_pb_column type=&#8221;4_4&#8243; _builder_version=&#8221;4.19.4&#8243; _module_preset=&#8221;default&#8221; global_colors_info=&#8221;{}&#8221;][et_pb_code _builder_version=&#8221;4.19.4&#8243; _module_preset=&#8221;default&#8221; global_colors_info=&#8221;{}&#8221;][mailpoet_form id=&#8221;1&#8243;][\/et_pb_code][\/et_pb_column][\/et_pb_row][\/et_pb_section]<\/p>\n","protected":false},"excerpt":{"rendered":"<p>producido a trav\u00e9s de Yarrowia lipolytica es probablemente la levadura m\u00e1s estudiada despu\u00e9s de S. cerevisiae. Es estrictamente aer\u00f3bico y no pat\u00f3geno y los procesos basados \u200b\u200ben este microorganismo son generalmente reconocidos como seguros (GRAS) por la Administraci\u00f3n Estadounidense de Alimentos y Medicamentos (FDA). Levaduras combinar la facilidad de manipulaci\u00f3n gen\u00e9tica y fermentaci\u00f3n de un [&hellip;]<\/p>\n","protected":false},"author":2,"featured_media":0,"parent":0,"menu_order":0,"comment_status":"closed","ping_status":"closed","template":"","meta":{"_acf_changed":false,"_et_pb_use_builder":"on","_et_pb_old_content":"","_et_gb_content_width":"","footnotes":""},"class_list":["post-24","page","type-page","status-publish","hentry"],"acf":[],"yoast_head":"<!-- This site is optimized with the Yoast SEO plugin v27.5 - https:\/\/yoast.com\/product\/yoast-seo-wordpress\/ -->\n<title>Home - 2DHeal.com Mexico<\/title>\n<meta name=\"robots\" content=\"index, follow, max-snippet:-1, max-image-preview:large, max-video-preview:-1\" \/>\n<link rel=\"canonical\" href=\"https:\/\/2dheal.com\/mexico\/\" \/>\n<meta property=\"og:locale\" content=\"es_MX\" \/>\n<meta property=\"og:type\" content=\"article\" \/>\n<meta property=\"og:title\" content=\"Home - 2DHeal.com Mexico\" \/>\n<meta property=\"og:description\" content=\"producido a trav\u00e9s de Yarrowia lipolytica es probablemente la levadura m\u00e1s estudiada despu\u00e9s de S. cerevisiae. Es estrictamente aer\u00f3bico y no pat\u00f3geno y los procesos basados \u200b\u200ben este microorganismo son generalmente reconocidos como seguros (GRAS) por la Administraci\u00f3n Estadounidense de Alimentos y Medicamentos (FDA). Levaduras combinar la facilidad de manipulaci\u00f3n gen\u00e9tica y fermentaci\u00f3n de un [&hellip;]\" \/>\n<meta property=\"og:url\" content=\"https:\/\/2dheal.com\/mexico\/\" \/>\n<meta property=\"og:site_name\" content=\"2DHeal.com Mexico\" \/>\n<meta property=\"article:modified_time\" content=\"2023-01-17T09:01:29+00:00\" \/>\n<meta name=\"twitter:card\" content=\"summary_large_image\" \/>\n<meta name=\"twitter:label1\" content=\"Tiempo de lectura\" \/>\n\t<meta name=\"twitter:data1\" content=\"4 minutos\" \/>\n<script type=\"application\/ld+json\" class=\"yoast-schema-graph\">{\"@context\":\"https:\\\/\\\/schema.org\",\"@graph\":[{\"@type\":\"WebPage\",\"@id\":\"https:\\\/\\\/2dheal.com\\\/mexico\\\/\",\"url\":\"https:\\\/\\\/2dheal.com\\\/mexico\\\/\",\"name\":\"Home - 2DHeal.com Mexico\",\"isPartOf\":{\"@id\":\"https:\\\/\\\/2dheal.com\\\/mexico\\\/#website\"},\"datePublished\":\"2023-01-17T08:01:22+00:00\",\"dateModified\":\"2023-01-17T09:01:29+00:00\",\"breadcrumb\":{\"@id\":\"https:\\\/\\\/2dheal.com\\\/mexico\\\/#breadcrumb\"},\"inLanguage\":\"es\",\"potentialAction\":[{\"@type\":\"ReadAction\",\"target\":[\"https:\\\/\\\/2dheal.com\\\/mexico\\\/\"]}]},{\"@type\":\"BreadcrumbList\",\"@id\":\"https:\\\/\\\/2dheal.com\\\/mexico\\\/#breadcrumb\",\"itemListElement\":[{\"@type\":\"ListItem\",\"position\":1,\"name\":\"Home\",\"item\":\"https:\\\/\\\/2dheal.com\\\/mexico\\\/\"},{\"@type\":\"ListItem\",\"position\":2,\"name\":\"Home\"}]},{\"@type\":\"WebSite\",\"@id\":\"https:\\\/\\\/2dheal.com\\\/mexico\\\/#website\",\"url\":\"https:\\\/\\\/2dheal.com\\\/mexico\\\/\",\"name\":\"2DHeal.com Mexico\",\"description\":\"All Products Fermented Protein\",\"potentialAction\":[{\"@type\":\"SearchAction\",\"target\":{\"@type\":\"EntryPoint\",\"urlTemplate\":\"https:\\\/\\\/2dheal.com\\\/mexico\\\/?s={search_term_string}\"},\"query-input\":{\"@type\":\"PropertyValueSpecification\",\"valueRequired\":true,\"valueName\":\"search_term_string\"}}],\"inLanguage\":\"es\"}]}<\/script>\n<!-- \/ Yoast SEO plugin. -->","yoast_head_json":{"title":"Home - 2DHeal.com Mexico","robots":{"index":"index","follow":"follow","max-snippet":"max-snippet:-1","max-image-preview":"max-image-preview:large","max-video-preview":"max-video-preview:-1"},"canonical":"https:\/\/2dheal.com\/mexico\/","og_locale":"es_MX","og_type":"article","og_title":"Home - 2DHeal.com Mexico","og_description":"producido a trav\u00e9s de Yarrowia lipolytica es probablemente la levadura m\u00e1s estudiada despu\u00e9s de S. cerevisiae. Es estrictamente aer\u00f3bico y no pat\u00f3geno y los procesos basados \u200b\u200ben este microorganismo son generalmente reconocidos como seguros (GRAS) por la Administraci\u00f3n Estadounidense de Alimentos y Medicamentos (FDA). Levaduras combinar la facilidad de manipulaci\u00f3n gen\u00e9tica y fermentaci\u00f3n de un [&hellip;]","og_url":"https:\/\/2dheal.com\/mexico\/","og_site_name":"2DHeal.com Mexico","article_modified_time":"2023-01-17T09:01:29+00:00","twitter_card":"summary_large_image","twitter_misc":{"Tiempo de lectura":"4 minutos"},"schema":{"@context":"https:\/\/schema.org","@graph":[{"@type":"WebPage","@id":"https:\/\/2dheal.com\/mexico\/","url":"https:\/\/2dheal.com\/mexico\/","name":"Home - 2DHeal.com Mexico","isPartOf":{"@id":"https:\/\/2dheal.com\/mexico\/#website"},"datePublished":"2023-01-17T08:01:22+00:00","dateModified":"2023-01-17T09:01:29+00:00","breadcrumb":{"@id":"https:\/\/2dheal.com\/mexico\/#breadcrumb"},"inLanguage":"es","potentialAction":[{"@type":"ReadAction","target":["https:\/\/2dheal.com\/mexico\/"]}]},{"@type":"BreadcrumbList","@id":"https:\/\/2dheal.com\/mexico\/#breadcrumb","itemListElement":[{"@type":"ListItem","position":1,"name":"Home","item":"https:\/\/2dheal.com\/mexico\/"},{"@type":"ListItem","position":2,"name":"Home"}]},{"@type":"WebSite","@id":"https:\/\/2dheal.com\/mexico\/#website","url":"https:\/\/2dheal.com\/mexico\/","name":"2DHeal.com Mexico","description":"All Products Fermented Protein","potentialAction":[{"@type":"SearchAction","target":{"@type":"EntryPoint","urlTemplate":"https:\/\/2dheal.com\/mexico\/?s={search_term_string}"},"query-input":{"@type":"PropertyValueSpecification","valueRequired":true,"valueName":"search_term_string"}}],"inLanguage":"es"}]}},"jetpack_sharing_enabled":true,"_links":{"self":[{"href":"https:\/\/2dheal.com\/mexico\/wp-json\/wp\/v2\/pages\/24","targetHints":{"allow":["GET"]}}],"collection":[{"href":"https:\/\/2dheal.com\/mexico\/wp-json\/wp\/v2\/pages"}],"about":[{"href":"https:\/\/2dheal.com\/mexico\/wp-json\/wp\/v2\/types\/page"}],"author":[{"embeddable":true,"href":"https:\/\/2dheal.com\/mexico\/wp-json\/wp\/v2\/users\/2"}],"replies":[{"embeddable":true,"href":"https:\/\/2dheal.com\/mexico\/wp-json\/wp\/v2\/comments?post=24"}],"version-history":[{"count":4,"href":"https:\/\/2dheal.com\/mexico\/wp-json\/wp\/v2\/pages\/24\/revisions"}],"predecessor-version":[{"id":107,"href":"https:\/\/2dheal.com\/mexico\/wp-json\/wp\/v2\/pages\/24\/revisions\/107"}],"wp:attachment":[{"href":"https:\/\/2dheal.com\/mexico\/wp-json\/wp\/v2\/media?parent=24"}],"curies":[{"name":"wp","href":"https:\/\/api.w.org\/{rel}","templated":true}]}}