{"id":31,"date":"2023-01-24T17:31:57","date_gmt":"2023-01-24T17:31:57","guid":{"rendered":"https:\/\/2dheal.com\/poland\/?page_id=31"},"modified":"2023-01-24T17:57:42","modified_gmt":"2023-01-24T17:57:42","slug":"home","status":"publish","type":"page","link":"https:\/\/2dheal.com\/poland\/","title":{"rendered":"Home"},"content":{"rendered":"<p>[et_pb_section fb_built=&#8221;1&#8243; theme_builder_area=&#8221;post_content&#8221; _builder_version=&#8221;4.19.4&#8243; _module_preset=&#8221;default&#8221; title_text=&#8221;Header-image1-1024&#215;684&#8243; background_image=&#8221;https:\/\/2dheal.com\/poland\/wp-content\/uploads\/sites\/33\/2023\/01\/Header-image1-1024&#215;684-1.jpg&#8221; hover_enabled=&#8221;0&#8243; sticky_enabled=&#8221;0&#8243;][et_pb_row _builder_version=&#8221;4.19.4&#8243; _module_preset=&#8221;default&#8221; theme_builder_area=&#8221;post_content&#8221;][et_pb_column _builder_version=&#8221;4.19.4&#8243; _module_preset=&#8221;default&#8221; type=&#8221;4_4&#8243; theme_builder_area=&#8221;post_content&#8221;][et_pb_video src=&#8221;https:\/\/2dheal.com\/poland\/wp-content\/uploads\/sites\/33\/2023\/01\/2D-Heal1.mp4&#8243; _builder_version=&#8221;4.19.4&#8243; _module_preset=&#8221;default&#8221; theme_builder_area=&#8221;post_content&#8221; title_text=&#8221;2D-Heal1&#8243; hover_enabled=&#8221;0&#8243; sticky_enabled=&#8221;0&#8243;][\/et_pb_video][\/et_pb_column][\/et_pb_row][et_pb_row _builder_version=&#8221;4.19.4&#8243; _module_preset=&#8221;default&#8221; theme_builder_area=&#8221;post_content&#8221;][et_pb_column _builder_version=&#8221;4.19.4&#8243; _module_preset=&#8221;default&#8221; type=&#8221;4_4&#8243; theme_builder_area=&#8221;post_content&#8221;][et_pb_cta title=&#8221;Sprzeda\u017c hurtowa produkt\u00f3w na ca\u0142ym \u015bwiecie \/ Skontaktuj si\u0119 z nami w sprawie nieopakowanych sk\u0142adnik\u00f3w&#8221; button_text=&#8221;Click Here&#8221; _builder_version=&#8221;4.19.4&#8243; _module_preset=&#8221;default&#8221; theme_builder_area=&#8221;post_content&#8221; use_background_color=&#8221;off&#8221; header_level=&#8221;h1&#8243; header_text_color=&#8221;#000000&#8243; body_text_color=&#8221;#353535&#8243; hover_enabled=&#8221;0&#8243; sticky_enabled=&#8221;0&#8243;]Wyprodukowane przez<\/p>\n<p>Yarrowia lipolytica jest prawdopodobnie najcz\u0119\u015bciej badanym dro\u017cd\u017cem po S. cerevisiae. Jest \u015bci\u015ble tlenowy i niepatogenny, a procesy oparte na tym mikroorganizmie s\u0105 og\u00f3lnie uznawane za bezpieczne (GRAS) przez Ameryka\u0144sk\u0105 Agencj\u0119 ds. \u017bywno\u015bci i Lek\u00f3w (FDA).<\/p>\n<p>Dro\u017cd\u017ce \u0142\u0105cz\u0105 \u0142atwo\u015b\u0107 manipulacji genetycznej i fermentacji mikroorganizmu ze zdolno\u015bci\u0105 do wydzielania i modyfikowania obcych bia\u0142ek zgodnie z og\u00f3lnym schematem eukariotycznym.[\/et_pb_cta][\/et_pb_column][\/et_pb_row][\/et_pb_section][et_pb_section fb_built=&#8221;1&#8243; theme_builder_area=&#8221;post_content&#8221; _builder_version=&#8221;4.19.4&#8243; _module_preset=&#8221;default&#8221;][et_pb_row _builder_version=&#8221;4.19.4&#8243; _module_preset=&#8221;default&#8221; column_structure=&#8221;1_2,1_2&#8243; theme_builder_area=&#8221;post_content&#8221;][et_pb_column _builder_version=&#8221;4.19.4&#8243; _module_preset=&#8221;default&#8221; type=&#8221;1_2&#8243; theme_builder_area=&#8221;post_content&#8221;][et_pb_video src=&#8221;https:\/\/2dheal.com\/poland\/wp-content\/uploads\/sites\/33\/2023\/01\/2D-Heal2.mp4&#8243; _builder_version=&#8221;4.19.4&#8243; _module_preset=&#8221;default&#8221; theme_builder_area=&#8221;post_content&#8221; title_text=&#8221;2D-Heal2&#8243; hover_enabled=&#8221;0&#8243; sticky_enabled=&#8221;0&#8243;][\/et_pb_video][\/et_pb_column][et_pb_column _builder_version=&#8221;4.19.4&#8243; _module_preset=&#8221;default&#8221; type=&#8221;1_2&#8243; theme_builder_area=&#8221;post_content&#8221;][et_pb_cta title=&#8221;Rewolucyjny&#8221; button_text=&#8221;Click Here&#8221; _builder_version=&#8221;4.19.4&#8243; _module_preset=&#8221;default&#8221; theme_builder_area=&#8221;post_content&#8221; use_background_color=&#8221;off&#8221; text_orientation=&#8221;left&#8221; header_text_color=&#8221;#000000&#8243; body_text_color=&#8221;#353535&#8243; hover_enabled=&#8221;0&#8243; sticky_enabled=&#8221;0&#8243;]Produkty 2D s\u0105 wytwarzane w \u015bcis\u0142ym \u015brodowisku bez GMO, metali ci\u0119\u017ckich i chemikali\u00f3w.<\/p>\n<p>Produkty 2D to znacznie wi\u0119cej ni\u017c suplementy, to suplementy przysz\u0142o\u015bci.<br \/>\n[\/et_pb_cta][\/et_pb_column][\/et_pb_row][\/et_pb_section][et_pb_section fb_built=&#8221;1&#8243; theme_builder_area=&#8221;post_content&#8221; _builder_version=&#8221;4.19.4&#8243; _module_preset=&#8221;default&#8221;][et_pb_row _builder_version=&#8221;4.19.4&#8243; _module_preset=&#8221;default&#8221; column_structure=&#8221;1_2,1_2&#8243; theme_builder_area=&#8221;post_content&#8221; hover_enabled=&#8221;0&#8243; sticky_enabled=&#8221;0&#8243; use_custom_gutter=&#8221;on&#8221; gutter_width=&#8221;1&#8243; make_equal=&#8221;on&#8221; width=&#8221;100%&#8221;][et_pb_column _builder_version=&#8221;4.19.4&#8243; _module_preset=&#8221;default&#8221; type=&#8221;1_2&#8243; theme_builder_area=&#8221;post_content&#8221; title_text=&#8221;Image-cosmetics-8&#8243; background_image=&#8221;https:\/\/2dheal.com\/poland\/wp-content\/uploads\/sites\/33\/2023\/01\/Image-cosmetics-8.jpg&#8221; hover_enabled=&#8221;0&#8243; sticky_enabled=&#8221;0&#8243;][\/et_pb_column][et_pb_column _builder_version=&#8221;4.19.4&#8243; _module_preset=&#8221;default&#8221; type=&#8221;1_2&#8243; theme_builder_area=&#8221;post_content&#8221;][et_pb_cta title=&#8221;Super wydajny mechanizm poch\u0142aniania&#8221; button_text=&#8221;PRZEGL\u0104DAJ PRODUKTY&#8221; _builder_version=&#8221;4.19.4&#8243; _module_preset=&#8221;default&#8221; theme_builder_area=&#8221;post_content&#8221; background_color=&#8221;#111e5e&#8221; button_url=&#8221;@ET-DC@eyJkeW5hbWljIjp0cnVlLCJjb250ZW50IjoicG9zdF9saW5rX3VybF9wYWdlIiwic2V0dGluZ3MiOnsicG9zdF9pZCI6IjI2In19@&#8221; _dynamic_attributes=&#8221;button_url&#8221; text_orientation=&#8221;left&#8221; hover_enabled=&#8221;0&#8243; sticky_enabled=&#8221;0&#8243;]Zwyk\u0142e bia\u0142ka z ekstrakt\u00f3w spo\u017cywczych ulegaj\u0105 zniszczeniu przez uk\u0142ad pokarmowy cz\u0142owieka. Podczas gdy suplementy 2D s\u0105 przeznaczone do rozci\u0119cia przez pepsyn\u0119 na kr\u00f3tkie bia\u0142ka w celu wch\u0142oni\u0119cia.<\/p>\n<p>Co wi\u0119cej, bia\u0142ka 2D mog\u0105 stanowi\u0107 nawet 6% masy produktu, czyli zwykle dziesi\u0105tki tysi\u0119cy razy wi\u0119cej ni\u017c produkty innych marek.<br \/>\n[\/et_pb_cta][\/et_pb_column][\/et_pb_row][\/et_pb_section][et_pb_section fb_built=&#8221;1&#8243; theme_builder_area=&#8221;post_content&#8221; _builder_version=&#8221;4.19.4&#8243; _module_preset=&#8221;default&#8221;][et_pb_row _builder_version=&#8221;4.19.4&#8243; _module_preset=&#8221;default&#8221; theme_builder_area=&#8221;post_content&#8221;][et_pb_column _builder_version=&#8221;4.19.4&#8243; _module_preset=&#8221;default&#8221; type=&#8221;4_4&#8243; theme_builder_area=&#8221;post_content&#8221;][et_pb_shop _builder_version=&#8221;4.19.4&#8243; _module_preset=&#8221;default&#8221; theme_builder_area=&#8221;post_content&#8221; posts_number=&#8221;8&#8243; hover_enabled=&#8221;0&#8243; sticky_enabled=&#8221;0&#8243;][\/et_pb_shop][\/et_pb_column][\/et_pb_row][\/et_pb_section][et_pb_section fb_built=&#8221;1&#8243; theme_builder_area=&#8221;post_content&#8221; _builder_version=&#8221;4.19.4&#8243; _module_preset=&#8221;default&#8221; title_text=&#8221;Footer-image8-1024&#215;740&#8243; background_image=&#8221;https:\/\/2dheal.com\/poland\/wp-content\/uploads\/sites\/33\/2023\/01\/Footer-image8-1024&#215;740-1.jpg&#8221; hover_enabled=&#8221;0&#8243; sticky_enabled=&#8221;0&#8243;][et_pb_row _builder_version=&#8221;4.19.4&#8243; _module_preset=&#8221;default&#8221; theme_builder_area=&#8221;post_content&#8221;][et_pb_column _builder_version=&#8221;4.19.4&#8243; _module_preset=&#8221;default&#8221; type=&#8221;4_4&#8243; theme_builder_area=&#8221;post_content&#8221;][et_pb_code _builder_version=&#8221;4.19.4&#8243; _module_preset=&#8221;default&#8221; theme_builder_area=&#8221;post_content&#8221; hover_enabled=&#8221;0&#8243; sticky_enabled=&#8221;0&#8243;][mailpoet_form id=&#8221;1&#8243;][\/et_pb_code][\/et_pb_column][\/et_pb_row][\/et_pb_section]<\/p>\n","protected":false},"excerpt":{"rendered":"<p>Wyprodukowane przez Yarrowia lipolytica jest prawdopodobnie najcz\u0119\u015bciej badanym dro\u017cd\u017cem po S. cerevisiae. Jest \u015bci\u015ble tlenowy i niepatogenny, a procesy oparte na tym mikroorganizmie s\u0105 og\u00f3lnie uznawane za bezpieczne (GRAS) przez Ameryka\u0144sk\u0105 Agencj\u0119 ds. \u017bywno\u015bci i Lek\u00f3w (FDA). Dro\u017cd\u017ce \u0142\u0105cz\u0105 \u0142atwo\u015b\u0107 manipulacji genetycznej i fermentacji mikroorganizmu ze zdolno\u015bci\u0105 do wydzielania i modyfikowania obcych bia\u0142ek zgodnie z [&hellip;]<\/p>\n","protected":false},"author":2,"featured_media":0,"parent":0,"menu_order":0,"comment_status":"closed","ping_status":"closed","template":"","meta":{"_acf_changed":false,"_et_pb_use_builder":"on","_et_pb_old_content":"","_et_gb_content_width":"","footnotes":""},"class_list":["post-31","page","type-page","status-publish","hentry"],"acf":[],"yoast_head":"<!-- This site is optimized with the Yoast SEO plugin v27.3 - https:\/\/yoast.com\/product\/yoast-seo-wordpress\/ -->\n<title>Home - 2DHeal Poland<\/title>\n<meta name=\"robots\" content=\"index, follow, max-snippet:-1, max-image-preview:large, max-video-preview:-1\" \/>\n<link rel=\"canonical\" href=\"https:\/\/2dheal.com\/poland\/\" \/>\n<meta property=\"og:locale\" content=\"pl_PL\" \/>\n<meta property=\"og:type\" content=\"article\" \/>\n<meta property=\"og:title\" content=\"Home - 2DHeal Poland\" \/>\n<meta property=\"og:description\" content=\"Wyprodukowane przez Yarrowia lipolytica jest prawdopodobnie najcz\u0119\u015bciej badanym dro\u017cd\u017cem po S. cerevisiae. Jest \u015bci\u015ble tlenowy i niepatogenny, a procesy oparte na tym mikroorganizmie s\u0105 og\u00f3lnie uznawane za bezpieczne (GRAS) przez Ameryka\u0144sk\u0105 Agencj\u0119 ds. \u017bywno\u015bci i Lek\u00f3w (FDA). Dro\u017cd\u017ce \u0142\u0105cz\u0105 \u0142atwo\u015b\u0107 manipulacji genetycznej i fermentacji mikroorganizmu ze zdolno\u015bci\u0105 do wydzielania i modyfikowania obcych bia\u0142ek zgodnie z [&hellip;]\" \/>\n<meta property=\"og:url\" content=\"https:\/\/2dheal.com\/poland\/\" \/>\n<meta property=\"og:site_name\" content=\"2DHeal Poland\" \/>\n<meta property=\"article:modified_time\" content=\"2023-01-24T17:57:42+00:00\" \/>\n<meta name=\"twitter:card\" content=\"summary_large_image\" \/>\n<meta name=\"twitter:label1\" content=\"Szacowany czas czytania\" \/>\n\t<meta name=\"twitter:data1\" content=\"4 minuty\" \/>\n<script type=\"application\/ld+json\" class=\"yoast-schema-graph\">{\"@context\":\"https:\\\/\\\/schema.org\",\"@graph\":[{\"@type\":\"WebPage\",\"@id\":\"https:\\\/\\\/2dheal.com\\\/poland\\\/\",\"url\":\"https:\\\/\\\/2dheal.com\\\/poland\\\/\",\"name\":\"Home - 2DHeal Poland\",\"isPartOf\":{\"@id\":\"https:\\\/\\\/2dheal.com\\\/poland\\\/#website\"},\"datePublished\":\"2023-01-24T17:31:57+00:00\",\"dateModified\":\"2023-01-24T17:57:42+00:00\",\"breadcrumb\":{\"@id\":\"https:\\\/\\\/2dheal.com\\\/poland\\\/#breadcrumb\"},\"inLanguage\":\"pl-PL\",\"potentialAction\":[{\"@type\":\"ReadAction\",\"target\":[\"https:\\\/\\\/2dheal.com\\\/poland\\\/\"]}]},{\"@type\":\"BreadcrumbList\",\"@id\":\"https:\\\/\\\/2dheal.com\\\/poland\\\/#breadcrumb\",\"itemListElement\":[{\"@type\":\"ListItem\",\"position\":1,\"name\":\"Home\",\"item\":\"https:\\\/\\\/2dheal.com\\\/poland\\\/\"},{\"@type\":\"ListItem\",\"position\":2,\"name\":\"Home\"}]},{\"@type\":\"WebSite\",\"@id\":\"https:\\\/\\\/2dheal.com\\\/poland\\\/#website\",\"url\":\"https:\\\/\\\/2dheal.com\\\/poland\\\/\",\"name\":\"2DHeal Poland\",\"description\":\"All Products Fermented Protein\",\"potentialAction\":[{\"@type\":\"SearchAction\",\"target\":{\"@type\":\"EntryPoint\",\"urlTemplate\":\"https:\\\/\\\/2dheal.com\\\/poland\\\/?s={search_term_string}\"},\"query-input\":{\"@type\":\"PropertyValueSpecification\",\"valueRequired\":true,\"valueName\":\"search_term_string\"}}],\"inLanguage\":\"pl-PL\"}]}<\/script>\n<!-- \/ Yoast SEO plugin. -->","yoast_head_json":{"title":"Home - 2DHeal Poland","robots":{"index":"index","follow":"follow","max-snippet":"max-snippet:-1","max-image-preview":"max-image-preview:large","max-video-preview":"max-video-preview:-1"},"canonical":"https:\/\/2dheal.com\/poland\/","og_locale":"pl_PL","og_type":"article","og_title":"Home - 2DHeal Poland","og_description":"Wyprodukowane przez Yarrowia lipolytica jest prawdopodobnie najcz\u0119\u015bciej badanym dro\u017cd\u017cem po S. cerevisiae. Jest \u015bci\u015ble tlenowy i niepatogenny, a procesy oparte na tym mikroorganizmie s\u0105 og\u00f3lnie uznawane za bezpieczne (GRAS) przez Ameryka\u0144sk\u0105 Agencj\u0119 ds. \u017bywno\u015bci i Lek\u00f3w (FDA). Dro\u017cd\u017ce \u0142\u0105cz\u0105 \u0142atwo\u015b\u0107 manipulacji genetycznej i fermentacji mikroorganizmu ze zdolno\u015bci\u0105 do wydzielania i modyfikowania obcych bia\u0142ek zgodnie z [&hellip;]","og_url":"https:\/\/2dheal.com\/poland\/","og_site_name":"2DHeal Poland","article_modified_time":"2023-01-24T17:57:42+00:00","twitter_card":"summary_large_image","twitter_misc":{"Szacowany czas czytania":"4 minuty"},"schema":{"@context":"https:\/\/schema.org","@graph":[{"@type":"WebPage","@id":"https:\/\/2dheal.com\/poland\/","url":"https:\/\/2dheal.com\/poland\/","name":"Home - 2DHeal Poland","isPartOf":{"@id":"https:\/\/2dheal.com\/poland\/#website"},"datePublished":"2023-01-24T17:31:57+00:00","dateModified":"2023-01-24T17:57:42+00:00","breadcrumb":{"@id":"https:\/\/2dheal.com\/poland\/#breadcrumb"},"inLanguage":"pl-PL","potentialAction":[{"@type":"ReadAction","target":["https:\/\/2dheal.com\/poland\/"]}]},{"@type":"BreadcrumbList","@id":"https:\/\/2dheal.com\/poland\/#breadcrumb","itemListElement":[{"@type":"ListItem","position":1,"name":"Home","item":"https:\/\/2dheal.com\/poland\/"},{"@type":"ListItem","position":2,"name":"Home"}]},{"@type":"WebSite","@id":"https:\/\/2dheal.com\/poland\/#website","url":"https:\/\/2dheal.com\/poland\/","name":"2DHeal Poland","description":"All Products Fermented Protein","potentialAction":[{"@type":"SearchAction","target":{"@type":"EntryPoint","urlTemplate":"https:\/\/2dheal.com\/poland\/?s={search_term_string}"},"query-input":{"@type":"PropertyValueSpecification","valueRequired":true,"valueName":"search_term_string"}}],"inLanguage":"pl-PL"}]}},"jetpack_sharing_enabled":true,"_links":{"self":[{"href":"https:\/\/2dheal.com\/poland\/wp-json\/wp\/v2\/pages\/31","targetHints":{"allow":["GET"]}}],"collection":[{"href":"https:\/\/2dheal.com\/poland\/wp-json\/wp\/v2\/pages"}],"about":[{"href":"https:\/\/2dheal.com\/poland\/wp-json\/wp\/v2\/types\/page"}],"author":[{"embeddable":true,"href":"https:\/\/2dheal.com\/poland\/wp-json\/wp\/v2\/users\/2"}],"replies":[{"embeddable":true,"href":"https:\/\/2dheal.com\/poland\/wp-json\/wp\/v2\/comments?post=31"}],"version-history":[{"count":4,"href":"https:\/\/2dheal.com\/poland\/wp-json\/wp\/v2\/pages\/31\/revisions"}],"predecessor-version":[{"id":97,"href":"https:\/\/2dheal.com\/poland\/wp-json\/wp\/v2\/pages\/31\/revisions\/97"}],"wp:attachment":[{"href":"https:\/\/2dheal.com\/poland\/wp-json\/wp\/v2\/media?parent=31"}],"curies":[{"name":"wp","href":"https:\/\/api.w.org\/{rel}","templated":true}]}}