{"id":33,"date":"2023-01-21T09:10:34","date_gmt":"2023-01-21T09:10:34","guid":{"rendered":"https:\/\/2dheal.com\/sweden\/?page_id=33"},"modified":"2023-01-24T15:56:13","modified_gmt":"2023-01-24T15:56:13","slug":"home","status":"publish","type":"page","link":"https:\/\/2dheal.com\/sweden\/","title":{"rendered":"Home"},"content":{"rendered":"<p>[et_pb_section fb_built=&#187;1&#8243; _builder_version=&#187;4.19.4&#8243; _module_preset=&#187;default&#187; background_image=&#187;https:\/\/2dheal.com\/sweden\/wp-content\/uploads\/sites\/32\/2023\/01\/Header-image1-1024&#215;684-1.jpg&#187; global_colors_info=&#187;{}&#187;][et_pb_row _builder_version=&#187;4.19.4&#8243; _module_preset=&#187;default&#187; global_colors_info=&#187;{}&#187;][et_pb_column type=&#187;4_4&#8243; _builder_version=&#187;4.19.4&#8243; _module_preset=&#187;default&#187; global_colors_info=&#187;{}&#187;][et_pb_video src=&#187;https:\/\/2dheal.com\/sweden\/wp-content\/uploads\/sites\/32\/2023\/01\/2D-Heal1.mp4&#8243; _builder_version=&#187;4.19.4&#8243; _module_preset=&#187;default&#187; global_colors_info=&#187;{}&#187;][\/et_pb_video][\/et_pb_column][\/et_pb_row][et_pb_row _builder_version=&#187;4.19.4&#8243; _module_preset=&#187;default&#187; global_colors_info=&#187;{}&#187;][et_pb_column type=&#187;4_4&#8243; _builder_version=&#187;4.19.4&#8243; _module_preset=&#187;default&#187; global_colors_info=&#187;{}&#187;][et_pb_cta title=&#187;Grossistprodukter globalt \/ Kontakta oss f\u00f6r of\u00f6rpackade ingredienser&#187; button_text=&#187;Click Here&#187; _builder_version=&#187;4.19.4&#8243; _module_preset=&#187;default&#187; header_level=&#187;h1&#8243; header_text_color=&#187;#000000&#8243; body_text_color=&#187;#4f4f4f&#187; use_background_color=&#187;off&#187; global_colors_info=&#187;{}&#187;]<\/p>\n<p>Tillverkad via<\/p>\n<p>Yarrowia lipolytica \u00e4r f\u00f6rmodligen den mest studerade j\u00e4sten efter S. cerevisiae. Det \u00e4r strikt aerobt och icke-patogent och processer baserade p\u00e5 denna mikroorganism \u00e4r allm\u00e4nt erk\u00e4nda som s\u00e4kra (GRAS) av American Food and Drug Administration (FDA).<\/p>\n<p>J\u00e4st kombinerar l\u00e4ttheten f\u00f6r genetisk manipulation och fermentering av en mikroorganism med f\u00f6rm\u00e5gan att uts\u00f6ndra och modifiera fr\u00e4mmande proteiner enligt ett allm\u00e4nt eukaryotiskt schema.<\/p>\n<p>[\/et_pb_cta][\/et_pb_column][\/et_pb_row][\/et_pb_section][et_pb_section fb_built=&#187;1&#8243; _builder_version=&#187;4.19.4&#8243; _module_preset=&#187;default&#187; global_colors_info=&#187;{}&#187;][et_pb_row column_structure=&#187;1_2,1_2&#8243; _builder_version=&#187;4.19.4&#8243; _module_preset=&#187;default&#187; global_colors_info=&#187;{}&#187;][et_pb_column type=&#187;1_2&#8243; _builder_version=&#187;4.19.4&#8243; _module_preset=&#187;default&#187; global_colors_info=&#187;{}&#187;][et_pb_video src=&#187;https:\/\/2dheal.com\/sweden\/wp-content\/uploads\/sites\/32\/2023\/01\/2D-Heal2.mp4&#8243; _builder_version=&#187;4.19.4&#8243; _module_preset=&#187;default&#187; global_colors_info=&#187;{}&#187;][\/et_pb_video][\/et_pb_column][et_pb_column type=&#187;1_2&#8243; _builder_version=&#187;4.19.4&#8243; _module_preset=&#187;default&#187; global_colors_info=&#187;{}&#187;][et_pb_cta title=&#187;Revolutionerande&#187; button_text=&#187;Click Here&#187; _builder_version=&#187;4.19.4&#8243; _module_preset=&#187;default&#187; use_background_color=&#187;off&#187; text_orientation=&#187;left&#187; header_text_color=&#187;#000000&#8243; body_text_color=&#187;#515151&#8243; hover_enabled=&#187;0&#8243; sticky_enabled=&#187;0&#8243;]<\/p>\n<p>2D-produkter produceras i en strikt milj\u00f6 utan GMO, tungmetaller eller kemikalier.<\/p>\n<p>2D-produkter \u00e4r mycket mer \u00e4n kosttillskott, de \u00e4r framtidens kosttillskott.<\/p>\n<p>[\/et_pb_cta][\/et_pb_column][\/et_pb_row][\/et_pb_section][et_pb_section fb_built=&#187;1&#8243; theme_builder_area=&#187;post_content&#187; _builder_version=&#187;4.19.4&#8243; _module_preset=&#187;default&#187;][et_pb_row _builder_version=&#187;4.19.4&#8243; _module_preset=&#187;default&#187; column_structure=&#187;1_2,1_2&#8243; theme_builder_area=&#187;post_content&#187; hover_enabled=&#187;0&#8243; sticky_enabled=&#187;0&#8243; use_custom_gutter=&#187;on&#187; gutter_width=&#187;1&#8243; make_equal=&#187;on&#187; width=&#187;100%&#187;][et_pb_column _builder_version=&#187;4.19.4&#8243; _module_preset=&#187;default&#187; type=&#187;1_2&#8243; theme_builder_area=&#187;post_content&#187; title_text=&#187;Image-cosmetics-8&#8243; background_image=&#187;https:\/\/2dheal.com\/sweden\/wp-content\/uploads\/sites\/32\/2023\/01\/Image-cosmetics-8.jpg&#187; hover_enabled=&#187;0&#8243; sticky_enabled=&#187;0&#8243;][\/et_pb_column][et_pb_column _builder_version=&#187;4.19.4&#8243; _module_preset=&#187;default&#187; type=&#187;1_2&#8243; theme_builder_area=&#187;post_content&#187;][et_pb_cta title=&#187;Supereffektiv absorptionsmekanism&#187; button_text=&#187;BL\u00c4DDRA PRODUKTER&#187; _builder_version=&#187;4.19.4&#8243; _module_preset=&#187;default&#187; theme_builder_area=&#187;post_content&#187; background_color=&#187;#0b1f3d&#187; button_url=&#187;@ET-DC@eyJkeW5hbWljIjp0cnVlLCJjb250ZW50IjoicG9zdF9saW5rX3VybF9wYWdlIiwic2V0dGluZ3MiOnsicG9zdF9pZCI6IjI0In19@&#187; _dynamic_attributes=&#187;button_url&#187; text_orientation=&#187;left&#187; hover_enabled=&#187;0&#8243; sticky_enabled=&#187;0&#8243;]<\/p>\n<p>Vanliga proteiner fr\u00e5n matextrakt, f\u00f6rst\u00f6rs av det m\u00e4nskliga matsm\u00e4ltningssystemet. Medan 2D-tillskott \u00e4r designade f\u00f6r att dissekeras av pepsin till korta proteiner f\u00f6r absorption.<\/p>\n<p>Dessutom kan 2D-proteiner n\u00e5 s\u00e5 h\u00f6gt som 6% av produktvikten, vilket normalt \u00e4r tiotusentals g\u00e5nger mer \u00e4n andra m\u00e4rken.<\/p>\n<p>[\/et_pb_cta][\/et_pb_column][\/et_pb_row][\/et_pb_section][et_pb_section fb_built=&#187;1&#8243; theme_builder_area=&#187;post_content&#187; _builder_version=&#187;4.19.4&#8243; _module_preset=&#187;default&#187;][et_pb_row _builder_version=&#187;4.19.4&#8243; _module_preset=&#187;default&#187; theme_builder_area=&#187;post_content&#187;][et_pb_column _builder_version=&#187;4.19.4&#8243; _module_preset=&#187;default&#187; type=&#187;4_4&#8243; theme_builder_area=&#187;post_content&#187;][et_pb_shop _builder_version=&#187;4.19.4&#8243; _module_preset=&#187;default&#187; theme_builder_area=&#187;post_content&#187; hover_enabled=&#187;0&#8243; sticky_enabled=&#187;0&#8243; posts_number=&#187;4&#8243;][\/et_pb_shop][\/et_pb_column][\/et_pb_row][\/et_pb_section][et_pb_section fb_built=&#187;1&#8243; theme_builder_area=&#187;post_content&#187; _builder_version=&#187;4.19.4&#8243; _module_preset=&#187;default&#187; title_text=&#187;Footer-image8-1024&#215;740&#8243; background_image=&#187;https:\/\/2dheal.com\/sweden\/wp-content\/uploads\/sites\/32\/2023\/01\/Footer-image8-1024&#215;740-1.jpg&#187; hover_enabled=&#187;0&#8243; sticky_enabled=&#187;0&#8243;][et_pb_row _builder_version=&#187;4.19.4&#8243; _module_preset=&#187;default&#187; theme_builder_area=&#187;post_content&#187;][et_pb_column _builder_version=&#187;4.19.4&#8243; _module_preset=&#187;default&#187; type=&#187;4_4&#8243; theme_builder_area=&#187;post_content&#187;][et_pb_code _builder_version=&#187;4.19.4&#8243; _module_preset=&#187;default&#187; theme_builder_area=&#187;post_content&#187; hover_enabled=&#187;0&#8243; sticky_enabled=&#187;0&#8243;][mailpoet_form id=&#187;1&#8243;][\/et_pb_code][\/et_pb_column][\/et_pb_row][\/et_pb_section]<\/p>\n","protected":false},"excerpt":{"rendered":"<p>Tillverkad via Yarrowia lipolytica \u00e4r f\u00f6rmodligen den mest studerade j\u00e4sten efter S. cerevisiae. Det \u00e4r strikt aerobt och icke-patogent och processer baserade p\u00e5 denna mikroorganism \u00e4r allm\u00e4nt erk\u00e4nda som s\u00e4kra (GRAS) av American Food and Drug Administration (FDA). J\u00e4st kombinerar l\u00e4ttheten f\u00f6r genetisk manipulation och fermentering av en mikroorganism med f\u00f6rm\u00e5gan att uts\u00f6ndra och modifiera [&hellip;]<\/p>\n","protected":false},"author":2,"featured_media":0,"parent":0,"menu_order":0,"comment_status":"closed","ping_status":"closed","template":"","meta":{"_acf_changed":false,"_et_pb_use_builder":"on","_et_pb_old_content":"","_et_gb_content_width":"","footnotes":""},"class_list":["post-33","page","type-page","status-publish","hentry"],"acf":[],"yoast_head":"<!-- This site is optimized with the Yoast SEO plugin v27.3 - https:\/\/yoast.com\/product\/yoast-seo-wordpress\/ -->\n<title>Home - 2DHeal Sweden<\/title>\n<meta name=\"robots\" content=\"index, follow, max-snippet:-1, max-image-preview:large, max-video-preview:-1\" \/>\n<link rel=\"canonical\" href=\"https:\/\/2dheal.com\/sweden\/\" \/>\n<meta property=\"og:locale\" content=\"de_DE\" \/>\n<meta property=\"og:type\" content=\"article\" \/>\n<meta property=\"og:title\" content=\"Home - 2DHeal Sweden\" \/>\n<meta property=\"og:description\" content=\"Tillverkad via Yarrowia lipolytica \u00e4r f\u00f6rmodligen den mest studerade j\u00e4sten efter S. cerevisiae. Det \u00e4r strikt aerobt och icke-patogent och processer baserade p\u00e5 denna mikroorganism \u00e4r allm\u00e4nt erk\u00e4nda som s\u00e4kra (GRAS) av American Food and Drug Administration (FDA). J\u00e4st kombinerar l\u00e4ttheten f\u00f6r genetisk manipulation och fermentering av en mikroorganism med f\u00f6rm\u00e5gan att uts\u00f6ndra och modifiera [&hellip;]\" \/>\n<meta property=\"og:url\" content=\"https:\/\/2dheal.com\/sweden\/\" \/>\n<meta property=\"og:site_name\" content=\"2DHeal Sweden\" \/>\n<meta property=\"article:modified_time\" content=\"2023-01-24T15:56:13+00:00\" \/>\n<meta name=\"twitter:card\" content=\"summary_large_image\" \/>\n<meta name=\"twitter:label1\" content=\"Gesch\u00e4tzte Lesezeit\" \/>\n\t<meta name=\"twitter:data1\" content=\"4\u00a0Minuten\" \/>\n<script type=\"application\/ld+json\" class=\"yoast-schema-graph\">{\"@context\":\"https:\\\/\\\/schema.org\",\"@graph\":[{\"@type\":\"WebPage\",\"@id\":\"https:\\\/\\\/2dheal.com\\\/sweden\\\/\",\"url\":\"https:\\\/\\\/2dheal.com\\\/sweden\\\/\",\"name\":\"Home - 2DHeal Sweden\",\"isPartOf\":{\"@id\":\"https:\\\/\\\/2dheal.com\\\/sweden\\\/#website\"},\"datePublished\":\"2023-01-21T09:10:34+00:00\",\"dateModified\":\"2023-01-24T15:56:13+00:00\",\"breadcrumb\":{\"@id\":\"https:\\\/\\\/2dheal.com\\\/sweden\\\/#breadcrumb\"},\"inLanguage\":\"de-CH\",\"potentialAction\":[{\"@type\":\"ReadAction\",\"target\":[\"https:\\\/\\\/2dheal.com\\\/sweden\\\/\"]}]},{\"@type\":\"BreadcrumbList\",\"@id\":\"https:\\\/\\\/2dheal.com\\\/sweden\\\/#breadcrumb\",\"itemListElement\":[{\"@type\":\"ListItem\",\"position\":1,\"name\":\"Home\",\"item\":\"https:\\\/\\\/2dheal.com\\\/sweden\\\/\"},{\"@type\":\"ListItem\",\"position\":2,\"name\":\"Home\"}]},{\"@type\":\"WebSite\",\"@id\":\"https:\\\/\\\/2dheal.com\\\/sweden\\\/#website\",\"url\":\"https:\\\/\\\/2dheal.com\\\/sweden\\\/\",\"name\":\"2DHeal Sweden\",\"description\":\"All Products Fermented Protein\",\"potentialAction\":[{\"@type\":\"SearchAction\",\"target\":{\"@type\":\"EntryPoint\",\"urlTemplate\":\"https:\\\/\\\/2dheal.com\\\/sweden\\\/?s={search_term_string}\"},\"query-input\":{\"@type\":\"PropertyValueSpecification\",\"valueRequired\":true,\"valueName\":\"search_term_string\"}}],\"inLanguage\":\"de-CH\"}]}<\/script>\n<!-- \/ Yoast SEO plugin. -->","yoast_head_json":{"title":"Home - 2DHeal Sweden","robots":{"index":"index","follow":"follow","max-snippet":"max-snippet:-1","max-image-preview":"max-image-preview:large","max-video-preview":"max-video-preview:-1"},"canonical":"https:\/\/2dheal.com\/sweden\/","og_locale":"de_DE","og_type":"article","og_title":"Home - 2DHeal Sweden","og_description":"Tillverkad via Yarrowia lipolytica \u00e4r f\u00f6rmodligen den mest studerade j\u00e4sten efter S. cerevisiae. Det \u00e4r strikt aerobt och icke-patogent och processer baserade p\u00e5 denna mikroorganism \u00e4r allm\u00e4nt erk\u00e4nda som s\u00e4kra (GRAS) av American Food and Drug Administration (FDA). J\u00e4st kombinerar l\u00e4ttheten f\u00f6r genetisk manipulation och fermentering av en mikroorganism med f\u00f6rm\u00e5gan att uts\u00f6ndra och modifiera [&hellip;]","og_url":"https:\/\/2dheal.com\/sweden\/","og_site_name":"2DHeal Sweden","article_modified_time":"2023-01-24T15:56:13+00:00","twitter_card":"summary_large_image","twitter_misc":{"Gesch\u00e4tzte Lesezeit":"4\u00a0Minuten"},"schema":{"@context":"https:\/\/schema.org","@graph":[{"@type":"WebPage","@id":"https:\/\/2dheal.com\/sweden\/","url":"https:\/\/2dheal.com\/sweden\/","name":"Home - 2DHeal Sweden","isPartOf":{"@id":"https:\/\/2dheal.com\/sweden\/#website"},"datePublished":"2023-01-21T09:10:34+00:00","dateModified":"2023-01-24T15:56:13+00:00","breadcrumb":{"@id":"https:\/\/2dheal.com\/sweden\/#breadcrumb"},"inLanguage":"de-CH","potentialAction":[{"@type":"ReadAction","target":["https:\/\/2dheal.com\/sweden\/"]}]},{"@type":"BreadcrumbList","@id":"https:\/\/2dheal.com\/sweden\/#breadcrumb","itemListElement":[{"@type":"ListItem","position":1,"name":"Home","item":"https:\/\/2dheal.com\/sweden\/"},{"@type":"ListItem","position":2,"name":"Home"}]},{"@type":"WebSite","@id":"https:\/\/2dheal.com\/sweden\/#website","url":"https:\/\/2dheal.com\/sweden\/","name":"2DHeal Sweden","description":"All Products Fermented Protein","potentialAction":[{"@type":"SearchAction","target":{"@type":"EntryPoint","urlTemplate":"https:\/\/2dheal.com\/sweden\/?s={search_term_string}"},"query-input":{"@type":"PropertyValueSpecification","valueRequired":true,"valueName":"search_term_string"}}],"inLanguage":"de-CH"}]}},"jetpack_sharing_enabled":true,"_links":{"self":[{"href":"https:\/\/2dheal.com\/sweden\/wp-json\/wp\/v2\/pages\/33","targetHints":{"allow":["GET"]}}],"collection":[{"href":"https:\/\/2dheal.com\/sweden\/wp-json\/wp\/v2\/pages"}],"about":[{"href":"https:\/\/2dheal.com\/sweden\/wp-json\/wp\/v2\/types\/page"}],"author":[{"embeddable":true,"href":"https:\/\/2dheal.com\/sweden\/wp-json\/wp\/v2\/users\/2"}],"replies":[{"embeddable":true,"href":"https:\/\/2dheal.com\/sweden\/wp-json\/wp\/v2\/comments?post=33"}],"version-history":[{"count":8,"href":"https:\/\/2dheal.com\/sweden\/wp-json\/wp\/v2\/pages\/33\/revisions"}],"predecessor-version":[{"id":120,"href":"https:\/\/2dheal.com\/sweden\/wp-json\/wp\/v2\/pages\/33\/revisions\/120"}],"wp:attachment":[{"href":"https:\/\/2dheal.com\/sweden\/wp-json\/wp\/v2\/media?parent=33"}],"curies":[{"name":"wp","href":"https:\/\/api.w.org\/{rel}","templated":true}]}}